{"id":106,"date":"2020-04-05T16:17:11","date_gmt":"2020-04-05T14:17:11","guid":{"rendered":"http:\/\/cliffview-resort.com\/?page_id=106"},"modified":"2020-11-30T18:34:01","modified_gmt":"2020-11-30T17:34:01","slug":"ayurveda","status":"publish","type":"page","link":"https:\/\/cliffview-holidays.com\/de\/ayurveda\/","title":{"rendered":"Ayurveda"},"content":{"rendered":"<p>[et_pb_section fb_built=&#8220;1&#8243; fullwidth=&#8220;on&#8220; _builder_version=&#8220;4.4.1&#8243;][et_pb_fullwidth_slider use_bg_overlay=&#8220;off&#8220; _builder_version=&#8220;4.4.1&#8243; height_tablet=&#8220;&#8220; height_phone=&#8220;275px&#8220; height_last_edited=&#8220;on|phone&#8220; animation_style=&#8220;fade&#8220; auto=&#8220;on&#8220;][et_pb_slide _builder_version=&#8220;4.4.1&#8243; background_image=&#8220;https:\/\/cliffview-holidays.com\/wp-content\/uploads\/2020\/04\/Ayuverda-1.jpg&#8220; background_enable_image=&#8220;on&#8220; sticky_transition=&#8220;on&#8220;][\/et_pb_slide][et_pb_slide _builder_version=&#8220;4.4.1&#8243; background_image=&#8220;https:\/\/cliffview-holidays.com\/wp-content\/uploads\/2020\/04\/Ayuverda-2.jpg&#8220; background_enable_image=&#8220;on&#8220; sticky_transition=&#8220;on&#8220;][\/et_pb_slide][et_pb_slide _builder_version=&#8220;4.4.1&#8243; background_image=&#8220;https:\/\/cliffview-holidays.com\/wp-content\/uploads\/2020\/04\/Ayuverda-3.jpg&#8220; background_enable_image=&#8220;on&#8220; sticky_transition=&#8220;on&#8220;][\/et_pb_slide][et_pb_slide _builder_version=&#8220;4.4.1&#8243; background_image=&#8220;https:\/\/cliffview-holidays.com\/wp-content\/uploads\/2020\/04\/Ayuverda-6.jpg&#8220; background_enable_image=&#8220;on&#8220; sticky_transition=&#8220;on&#8220;][\/et_pb_slide][et_pb_slide _builder_version=&#8220;4.4.1&#8243; background_image=&#8220;https:\/\/cliffview-holidays.com\/wp-content\/uploads\/2020\/04\/Ayuverda-4.jpg&#8220; background_enable_image=&#8220;on&#8220; sticky_transition=&#8220;on&#8220;][\/et_pb_slide][\/et_pb_fullwidth_slider][\/et_pb_section][et_pb_section fb_built=&#8220;1&#8243; _builder_version=&#8220;4.4.1&#8243; custom_padding=&#8220;30px||0px||false|false&#8220;][et_pb_row _builder_version=&#8220;4.4.1&#8243; custom_padding=&#8220;||0px|||&#8220;][et_pb_column type=&#8220;4_4&#8243; _builder_version=&#8220;4.4.1&#8243;][et_pb_text _builder_version=&#8220;4.4.1&#8243;]<\/p>\n<h1 class=\"c\" style=\"text-align: center;\">Ayurveda<\/h1>\n<p>[\/et_pb_text][et_pb_divider divider_weight=&#8220;2px&#8220; _builder_version=&#8220;4.4.1&#8243; max_width=&#8220;40%&#8220; module_alignment=&#8220;center&#8220; custom_margin=&#8220;||0px|||&#8220;][\/et_pb_divider][et_pb_text _builder_version=&#8220;4.4.1&#8243;]<\/p>\n<p>Ayurveda ist das traditionelle, indische System der Gesundheitswissenschaften. Sein Name bedeutet w\u00f6rtlich \u201eLebenswissen\u201c. Die ayurvedische Methode der ganzheitlichen Gesundheitsversorgung betont das Gleichgewicht von K\u00f6rper, Geist und Seele, um Krankheiten zu behandeln und vorzubeugen. Diese 5.000 Jahre alte Praxis konzentriert sich auf die Harmonisierung des K\u00f6rpers mit der Natur durch Ern\u00e4hrung, pflanzliche Heilmittel, Yoga und Meditation, Bewegung, Lebensstil und K\u00f6rperreinigung. Es gilt als die Schwesterwissenschaft des Yoga.<\/p>\n<p>[\/et_pb_text][\/et_pb_column][\/et_pb_row][et_pb_row column_structure=&#8220;1_3,1_3,1_3&#8243; _builder_version=&#8220;4.4.1&#8243;][et_pb_column type=&#8220;1_3&#8243; _builder_version=&#8220;4.4.1&#8243;][et_pb_image src=&#8220;https:\/\/cliffview-holidays.com\/wp-content\/uploads\/2020\/04\/Rasayana-chikitsa.jpg&#8220; _builder_version=&#8220;4.4.1&#8243; custom_margin=&#8220;||0px||false|false&#8220; custom_padding=&#8220;||||false|false&#8220;][\/et_pb_image][et_pb_toggle title=&#8220;Rasayana chikitsa (Verj\u00fcngungskur)&#8220; icon_color=&#8220;#E35817&#8243; _builder_version=&#8220;4.4.1&#8243; title_line_height=&#8220;1.2em&#8220;]<\/p>\n<div class=\"elementor-element elementor-element-47f8a1b5 elementor-widget elementor-widget-text-editor\" data-id=\"47f8a1b5\" data-element_type=\"widget\" data-widget_type=\"text-editor.default\">\n<div class=\"elementor-widget-container\">\n<div class=\"elementor-text-editor elementor-clearfix\">\n<p style=\"text-align: justify;\">Dies ist eine einzigartige Therapie in der Wissenschaft des Ayurveda. Sie erh\u00e4lt den K\u00f6rper jung und beweglich, auch wenn man schon \u00fcber seine Jugend hinaus gekommen ist. Sie verbessert das Ged\u00e4chtnis, kr\u00e4ftigt das Immunsystem und stellt eine gute Gesundheit wieder her. Charaka sagt, dass diese Therapie die Lebenserwartung um viele Jahre erh\u00f6ht. Sie steigert die Energie, und es wird ihr nachgesagt, dass sie die Kranken heilt. Sie st\u00e4rkt auch die mentalen und physischen F\u00e4higkeiten einer gesunden Person. Sie ist bekannt den Teint zu verfeinern, reguliert die Stimme und erh\u00f6ht die F\u00e4higkeiten der Sinnesorgane. In dieser Welt von heute, angef\u00fcllt mit Stress, \u00fcberm\u00e4ssiger Besch\u00e4ftigung und Umweltgiften ist unsere nat\u00fcrliche Gesundheit, Gl\u00fccklichsein und unser inneres Wohlbefinden durch diese Anh\u00e4ufung von Verunreinigungen verdeckt. Diese Verunreinigungen und Gifte verursachen eine Verringerung von normalen K\u00f6rperfunktionen. Eine ayurvedische Verj\u00fcngungskur kann die Sinne wieder neu beleben, den K\u00f6rper entgiften, eine gute Gesundheit wieder herstellen mit einem jungen Aussehen und Widerstandsf\u00e4higkeit gegen Krankheiten.<\/p>\n<p>&nbsp;<\/p>\n<\/div>\n<\/div>\n<\/div>\n<div class=\"elementor-element elementor-element-457fb59 elementor-widget elementor-widget-text-editor\" data-id=\"457fb59\" data-element_type=\"widget\" data-widget_type=\"text-editor.default\">\n<div class=\"elementor-widget-container\">\n<div class=\"elementor-text-editor elementor-clearfix\">\n<ul>\n<li>Verj\u00fcngung h\u00e4lt den K\u00f6rper jung und beweglich<\/li>\n<li>Erh\u00e4lt die Gesundheit und ein langes Leben<\/li>\n<li>Steigert die physischen und die geistigen F\u00e4higkeiten<\/li>\n<li>Verbessert den Teint<\/li>\n<li>Verbessert das Ged\u00e4chtnis<\/li>\n<li>Steigert das Immunsystem und die Widerstandskraft<\/li>\n<li>Erh\u00f6ht die F\u00e4higkeiten der Sinnesorgane<\/li>\n<\/ul>\n<\/div>\n<\/div>\n<\/div>\n<p>[\/et_pb_toggle][\/et_pb_column][et_pb_column type=&#8220;1_3&#8243; _builder_version=&#8220;4.4.1&#8243;][et_pb_image src=&#8220;https:\/\/cliffview-holidays.com\/wp-content\/uploads\/2020\/04\/Yoga-7.jpg&#8220; _builder_version=&#8220;4.4.1&#8243; custom_margin=&#8220;||0px||false|false&#8220; custom_padding=&#8220;||||false|false&#8220;][\/et_pb_image][et_pb_toggle title=&#8220;Programm zur Reduzierung des Gewichtes&#8220; icon_color=&#8220;#E35817&#8243; _builder_version=&#8220;4.4.1&#8243; title_line_height=&#8220;1.2em&#8220;]<\/p>\n<div class=\"elementor-element elementor-element-47f8a1b5 elementor-widget elementor-widget-text-editor\" data-id=\"47f8a1b5\" data-element_type=\"widget\" data-widget_type=\"text-editor.default\">\n<div class=\"elementor-widget-container\">\n<div class=\"elementor-text-editor elementor-clearfix\">\n<div class=\"elementor-element elementor-element-10e1288 elementor-widget elementor-widget-text-editor\" data-id=\"10e1288\" data-element_type=\"widget\" data-widget_type=\"text-editor.default\">\n<div class=\"elementor-widget-container\">\n<div class=\"elementor-text-editor elementor-clearfix\">\n<p style=\"text-align: justify;\">Im Ayurveda betont man eine ganzheitliche Behandlung, die dem Menschen hilft sein Gewicht zu reduzieren und gleichzeitig seine Gesundheit allgemein zu st\u00e4rken. Bei dem Problem der Fettleibigkeit handelt es sich nicht nur um Eitelkeit, sondern es geht um unsere Gesundheit allgemein und um k\u00f6rperliches und seelisches Wohlbefinden. \u00dcberall auf der Welt geben Menschen mit Gewichtsproblemen Billionen von Dollars aus f\u00fcr eine \u201emagische schnelle L\u00f6sung\u201c, doch die meisten k\u00e4mpfen weiterhin. Neue Modedi\u00e4ten und chirurgische Eingriffe f\u00fchren oft zu schnellem \u2013 manchmal dramatischem \u2013 Gewichtsverlust, doch die Pfunde schleichen sich wieder hin, weil das zugrunde liegende Problem, warum die Person ein \u00dcbergewicht hat, nicht angesprochen wird.<\/p>\n<p style=\"text-align: justify;\">Ayurveda, die Wissenschaft des Lebens, hilft den Menschen durch eine ganzheitliche L\u00f6sung, \u00fcberfl\u00fcssiges Gewicht zu verlieren und das Gewicht zu halten, w\u00e4hrend auch die Allgemeingesundheit verbessert wird. Die Experten im Cliffview vereinigen die Besten Praxisen des Ayurveda und Yoga, um das Problem mehr umfassend zu behandeln. Die Behandlungen werden der einzelnen Person angepasst und basieren auf einem Verst\u00e4ndnis der einzigartigen K\u00f6rperkonstitution, d.h. der Grundnatur des K\u00f6rpers, Pakruti der Person und seinem\/ihrem Lebensstil. Nach einer sorgf\u00e4ltigen Analyse verschreibt das Team die richtige Mischung von Kriya (Behandlungen), Ahara (Di\u00e4t), Vihara (\u00dcbungen) und Oushada (Medizin).<\/p>\n<\/div>\n<\/div>\n<\/div>\n<div class=\"elementor-element elementor-element-64ce27a elementor-widget elementor-widget-text-editor\" data-id=\"64ce27a\" data-element_type=\"widget\" data-widget_type=\"text-editor.default\">\n<div class=\"elementor-widget-container\">\n<div class=\"elementor-text-editor elementor-clearfix\">\n<ul>\n<li>Reduziert das Risiko f\u00fcr Diabetes<\/li>\n<li>Senkt den Blutdruck<\/li>\n<li>Verbessert das Cholesterolniveau<\/li>\n<li>Reduziert das Risiko f\u00fcr Herzerkrankungen<\/li>\n<li>Reduziert das Risiko f\u00fcr bestimmte Krebserkrankungen<\/li>\n<li>Verbessert die Beweglichkeit<\/li>\n<li>Reduziert Gelenkschmerzen<\/li>\n<li>Verbessert den Blutzuckerspiegel<\/li>\n<\/ul>\n<\/div>\n<\/div>\n<\/div>\n<\/div>\n<\/div>\n<\/div>\n<p>[\/et_pb_toggle][\/et_pb_column][et_pb_column type=&#8220;1_3&#8243; _builder_version=&#8220;4.4.1&#8243;][et_pb_image src=&#8220;https:\/\/cliffview-holidays.com\/wp-content\/uploads\/2020\/04\/Stresslinderung-1.jpg&#8220; _builder_version=&#8220;4.4.1&#8243; custom_margin=&#8220;||0px||false|false&#8220; custom_padding=&#8220;||||false|false&#8220;][\/et_pb_image][et_pb_toggle title=&#8220;Stresslinderung (K\u00f6rper, Geist und Seele)&#8220; icon_color=&#8220;#E35817&#8243; _builder_version=&#8220;4.4.1&#8243; title_line_height=&#8220;1.2em&#8220;]<\/p>\n<div class=\"elementor-element elementor-element-47f8a1b5 elementor-widget elementor-widget-text-editor\" data-id=\"47f8a1b5\" data-element_type=\"widget\" data-widget_type=\"text-editor.default\">\n<div class=\"elementor-widget-container\">\n<div class=\"elementor-text-editor elementor-clearfix\">\n<div class=\"elementor-element elementor-element-9ddee7a elementor-widget elementor-widget-text-editor\" data-id=\"9ddee7a\" data-element_type=\"widget\" data-widget_type=\"text-editor.default\">\n<div class=\"elementor-widget-container\">\n<div class=\"elementor-text-editor elementor-clearfix\">\n<p style=\"text-align: justify;\">Diese Behandlung ist eine einzigartige Fusion der therapeutischen Praxis des Ayurveda, Yoga, Meditation, Prana Heilung und Reiki. Sie bew\u00e4ltigt Stress, um Gelassenheit und Balance wieder herzustellen. Stress ist ein unerbittliches Resultat des heutigen schnelllebigen Lebensstils und ist vollkommen ein Bestandteil unseres Lebens geworden. Wir k\u00f6nnen es nicht aus unserem Leben wegw\u00fcnschen. Die Anerkennung seiner Pr\u00e4senz und Wege und Mittel zu finden um ihn zu kontrollieren und letztendlich zu beseitigen, w\u00e4re ein mehr praktischer Ansatz. Chronischer Stress fordert einen hohen Tribut von unserer Gesundheit und Wohlbefinden und kann deshalb nicht ignoriert werden. Das heilende Programm von Cliffview ist eine einzigartige Verschmelzung der besten therapeutischen Praxis des Ayurveda mit Yoga asanas (K\u00f6rperstellungen), Meditation und Pranayama, Kundalini Yoga, Prana Heilung und Reiki. Dieser integrierte Ansatz hilft sowohl physisch als auch mental\/emotional gegen Stress und gibt dem Gast eine gr\u00f6ssere Kontrolle \u00fcber ihren\/seinen Geist und K\u00f6rper. Es \u00fcbt den Geist im Gleichmut zu bleiben trotz st\u00f6render Kr\u00e4fte von au\u00dfen.<\/p>\n<\/div>\n<\/div>\n<\/div>\n<div class=\"elementor-element elementor-element-a5c1b52 elementor-widget elementor-widget-text-editor\" data-id=\"a5c1b52\" data-element_type=\"widget\" data-widget_type=\"text-editor.default\">\n<div class=\"elementor-widget-container\">\n<div class=\"elementor-text-editor elementor-clearfix\">\n<ul>\n<li>Verbesserte Zuversicht<\/li>\n<li>Verbesserte Konzentration<\/li>\n<li>St\u00e4rkt den Verdauungsprozess und beseitigt alle Verdauungsprobleme<\/li>\n<li>Beseitigt Verstopfung, \u00dcbers\u00e4uerung und Verdauungsst\u00f6rungen<\/li>\n<li>Es bewirkt ein Gef\u00fchl der Leichtigkeit im gesamten abdominalen Raum<\/li>\n<li>Der ganze K\u00f6rper f\u00fchlt sich leicht und entspannt an.<\/li>\n<\/ul>\n<\/div>\n<\/div>\n<\/div>\n<\/div>\n<\/div>\n<\/div>\n<p>[\/et_pb_toggle][\/et_pb_column][\/et_pb_row][et_pb_row column_structure=&#8220;1_3,1_3,1_3&#8243; _builder_version=&#8220;4.4.1&#8243;][et_pb_column type=&#8220;1_3&#8243; _builder_version=&#8220;4.4.1&#8243;][et_pb_image src=&#8220;https:\/\/cliffview-holidays.com\/wp-content\/uploads\/2020\/04\/Panchakarma.jpg&#8220; _builder_version=&#8220;4.4.1&#8243; custom_margin=&#8220;||0px||false|false&#8220; custom_padding=&#8220;||||false|false&#8220;][\/et_pb_image][et_pb_toggle title=&#8220;Panchakarma (Entgiftung)&#8220; icon_color=&#8220;#E35817&#8243; _builder_version=&#8220;4.4.1&#8243; title_line_height=&#8220;1.2em&#8220;]<\/p>\n<div class=\"elementor-element elementor-element-47f8a1b5 elementor-widget elementor-widget-text-editor\" data-id=\"47f8a1b5\" data-element_type=\"widget\" data-widget_type=\"text-editor.default\">\n<div class=\"elementor-widget-container\">\n<div class=\"elementor-text-editor elementor-clearfix\">\n<div class=\"elementor-element elementor-element-3968ac3 elementor-widget elementor-widget-text-editor\" data-id=\"3968ac3\" data-element_type=\"widget\" data-widget_type=\"text-editor.default\">\n<div class=\"elementor-widget-container\">\n<div class=\"elementor-text-editor elementor-clearfix\">\n<p style=\"text-align: justify;\">Panchakarma, Reinigung und Entgiftung ist die bedeutungsvollste Behandlung im Ayurveda. Es hilft tief verwurzelten Stress und Erkrankungen, die Gifte im K\u00f6rper verursachen, zu entfernen. Die Entgiftung ist ein ganzheitlicher Prozess, der K\u00f6rper, Geist und Seele aufbaut und st\u00e4rkt f\u00fcr die Rauheit und das Durcheinander des t\u00e4glichen Lebens. Das Panchakarma umfasst f\u00fcnf Behandlungsformen: Vamana, Virechana, Nasya, Vasti, Raktha und Mokshana. Diese Therapien helfen den tiefverwurzelten, gifterzeugenden Stress und Erkrankungen im K\u00f6rper zu beseitigen und gleichzeitig werden alle drei Doshas (Energien, die die biologischen Funktionen steuern) in Balance gebracht. Die Behandlungen beinhalten t\u00e4gliche Massagen und \u00d6lb\u00e4der, Kr\u00e4uterklistiere und nasale Anwendungen. Ayurveda empfiehlt Panchakarma als eine saisonale Behandlung, um die geistige und k\u00f6rperliche Gesundheit in Balance zu halten. Die Experten des Cliffview haben die zeitlose und im Laufe der Zeit getestete Panchakarma Praxis des Ayurveda mit Marma, Prana Heilung und Yoga kombiniert um Gewebe und Organe des K\u00f6rper neu zu beleben und zu regenerieren und den Geist zu erfrischen.<\/p>\n<\/div>\n<\/div>\n<\/div>\n<div class=\"elementor-element elementor-element-c51688b elementor-widget elementor-widget-text-editor\" data-id=\"c51688b\" data-element_type=\"widget\" data-widget_type=\"text-editor.default\">\n<div class=\"elementor-widget-container\">\n<div class=\"elementor-text-editor elementor-clearfix\">\n<ul>\n<li>Erneuert das metabolische Feuer (Agni), beseitigt Toxine (AMA), st\u00e4rkt das Gewebe<\/li>\n<li>F\u00f6rdert die Balance der drei Doshas<\/li>\n<li>Hilft bei der Durchf\u00fchrung einer gesunden Di\u00e4t und Lebensstil<\/li>\n<li>Reduziert Stress, verbessert Entspannung und Toleranz<\/li>\n<li>Verlangsamt den Alterungsprozess<\/li>\n<li>Steigert das Immunsystem<\/li>\n<li>Steigert Kraft, Ausdauer und Vitalit\u00e4t<\/li>\n<\/ul>\n<\/div>\n<\/div>\n<\/div>\n<\/div>\n<\/div>\n<\/div>\n<p>[\/et_pb_toggle][\/et_pb_column][et_pb_column type=&#8220;1_3&#8243; _builder_version=&#8220;4.4.1&#8243;][et_pb_image src=&#8220;https:\/\/cliffview-holidays.com\/wp-content\/uploads\/2020\/04\/Anti-Arthritic-Medicine-1.jpg&#8220; _builder_version=&#8220;4.4.1&#8243; custom_margin=&#8220;||0px||false|false&#8220; custom_padding=&#8220;||||false|false&#8220;][\/et_pb_image][et_pb_toggle title=&#8220;Anti\u2013arthritische Behandlung&#8220; icon_color=&#8220;#E35817&#8243; _builder_version=&#8220;4.4.1&#8243; title_line_height=&#8220;1.2em&#8220;]<\/p>\n<div class=\"elementor-element elementor-element-47f8a1b5 elementor-widget elementor-widget-text-editor\" data-id=\"47f8a1b5\" data-element_type=\"widget\" data-widget_type=\"text-editor.default\">\n<div class=\"elementor-widget-container\">\n<div class=\"elementor-text-editor elementor-clearfix\">\n<div class=\"elementor-element elementor-element-10e1288 elementor-widget elementor-widget-text-editor\" data-id=\"10e1288\" data-element_type=\"widget\" data-widget_type=\"text-editor.default\">\n<div class=\"elementor-widget-container\">\n<div class=\"elementor-text-editor elementor-clearfix\">\n<div class=\"elementor-element elementor-element-431ac9e elementor-widget elementor-widget-text-editor\" data-id=\"431ac9e\" data-element_type=\"widget\" data-widget_type=\"text-editor.default\">\n<div class=\"elementor-widget-container\">\n<div class=\"elementor-text-editor elementor-clearfix\">\n<p style=\"text-align: justify;\">Die anti-arthritische Behandlung besch\u00e4ftigt sich mit der k\u00f6rperlichen Fitness und der Behandlung von Verletzungen hervorgerufen durch Sport (?) \u00dcbungen, zusammen mit dem Training des Bewusstseins, das sich auf mindfulness fokussiert. Arthritis ist die h\u00e4ufigste Ursache der Invalidit\u00e4t und die Aktivit\u00e4t von Erwachsenen in der ganzen Welt begrenzt. Anti-arthritische Behandlungen sind sehr beliebt im Ayurveda und man sagt, dass es mehrere Wirkungen hat \u2013 es mildert Vata,\u00a0 beseitigt subkutanes Fett, reduziert M\u00fcdigkeit und Schmerzen und stimuliert das Nervengewebe.<\/p>\n<\/div>\n<\/div>\n<\/div>\n<div class=\"elementor-element elementor-element-989b3d0 elementor-widget elementor-widget-text-editor\" data-id=\"989b3d0\" data-element_type=\"widget\" data-widget_type=\"text-editor.default\">\n<div class=\"elementor-widget-container\">\n<div class=\"elementor-text-editor elementor-clearfix\">\n<ul>\n<li>Hilft Entz\u00fcndungen zu reduzieren<\/li>\n<li>St\u00e4rkt die Gelenke<\/li>\n<li>Hilft die Gelenke zu schmieren<\/li>\n<li>Verbessert die Blutzirkulation<\/li>\n<li>Verbessert die Beweglichkeit der Gelenke<\/li>\n<li>Stimuliert das Nervensystem<\/li>\n<\/ul>\n<\/div>\n<\/div>\n<\/div>\n<\/div>\n<\/div>\n<\/div>\n<\/div>\n<\/div>\n<\/div>\n<p>[\/et_pb_toggle][\/et_pb_column][et_pb_column type=&#8220;1_3&#8243; _builder_version=&#8220;4.4.1&#8243;][et_pb_image src=&#8220;https:\/\/cliffview-holidays.com\/wp-content\/uploads\/2020\/04\/Beauty-1.jpg&#8220; _builder_version=&#8220;4.4.1&#8243; custom_margin=&#8220;||0px||false|false&#8220; custom_padding=&#8220;||||false|false&#8220;][\/et_pb_image][et_pb_toggle title=&#8220;Sch\u00f6nheitspflege Programm&#8220; icon_color=&#8220;#E35817&#8243; _builder_version=&#8220;4.4.1&#8243; title_line_height=&#8220;1.2em&#8220;]<\/p>\n<div class=\"elementor-element elementor-element-47f8a1b5 elementor-widget elementor-widget-text-editor\" data-id=\"47f8a1b5\" data-element_type=\"widget\" data-widget_type=\"text-editor.default\">\n<div class=\"elementor-widget-container\">\n<div class=\"elementor-text-editor elementor-clearfix\">\n<div class=\"elementor-element elementor-element-9ddee7a elementor-widget elementor-widget-text-editor\" data-id=\"9ddee7a\" data-element_type=\"widget\" data-widget_type=\"text-editor.default\">\n<div class=\"elementor-widget-container\">\n<div class=\"elementor-text-editor elementor-clearfix\">\n<div class=\"elementor-element elementor-element-e09e57d elementor-widget elementor-widget-text-editor\" data-id=\"e09e57d\" data-element_type=\"widget\" data-widget_type=\"text-editor.default\">\n<div class=\"elementor-widget-container\">\n<div class=\"elementor-text-editor elementor-clearfix\">\n<p style=\"text-align: justify;\">Dieses Programm beinhaltet ergebnisorientierte Behandlungen, die therapeutisches Marma, Ayurveda und Yoga mit einbeziehen. Wir glauben, dass der normale Altersprozess verlangsamt werden kann, durch einige alternative Heilungstechniken, Yoga und Meditation. Nach einer ausf\u00fchrlichen Konsultation, in der die m\u00f6glichen Gr\u00fcnde f\u00fcr ein beschleunigtes Altern herausgefunden werden, empfehlen wir ein ideales Programm f\u00fcr die Verbesserung der Gesundheit und des Wohlbefindens um w\u00fcrdevoll alt zu werden. Die Gesundheit des menschlichen K\u00f6rpers, ein langes Leben und optimale Funktion wird immer mehr mit Stabilit\u00e4t, Fokus und allgemeiner emotioneller Gesundheit des Bewusstseins in Verbindung gebracht. Emotionale und seelische Vitalit\u00e4t sind eng verbunden mit der physischen Vitalit\u00e4t, genauso wie unser Bewusstsein einen starken Effekt auf unseren K\u00f6rper hat, beeinflusst dein physischer Zustand dein F\u00fchlen und Denken. Unser Fokus liegt darin, daf\u00fcr zu sorgen, dass dein individuelles Maximum an Lebenserwartung erreicht wird und, noch wichtiger, das es die optimale Lebensqualit\u00e4t beinhaltet. Mit zunehmendem Alter erfahren wir ein Spektrum von Ver\u00e4nderungen, morpholigischer und physiologischer Art, die direkt mit dem Alterungsprozess verbunden sind. Die Sichtbarkeit dieser altersbedingten Ver\u00e4nderungen in Stamina, Kraft oder Sinneswahrnehmungen variieren, basierend auf deinen pers\u00f6nlichen Entscheidungen, was deine Gesundheit angeht, deiner medizinischen Geschichte, Genetik und der Umgebung, in der du lebst.<\/p>\n<\/div>\n<\/div>\n<\/div>\n<div class=\"elementor-element elementor-element-80466d7 elementor-widget elementor-widget-text-editor\" data-id=\"80466d7\" data-element_type=\"widget\" data-widget_type=\"text-editor.default\">\n<div class=\"elementor-widget-container\">\n<div class=\"elementor-text-editor elementor-clearfix\">\n<ul>\n<li>Vorbeugend oder aufkl\u00e4rend bei fleckigem Teint<\/li>\n<li>L\u00e4ngere Erhaltung der jugendlichen Festigkeit der Haut<\/li>\n<li>Reduziert feine Linien und Falten<\/li>\n<li>Bewahrt eine leuchtende und junge Teint<\/li>\n<li>Vermeidet lederartige Haut<\/li>\n<li>Reduziert das Risiko f\u00fcr Hautkrebs<\/li>\n<\/ul>\n<\/div>\n<\/div>\n<\/div>\n<\/div>\n<\/div>\n<\/div>\n<\/div>\n<\/div>\n<\/div>\n<p>[\/et_pb_toggle][\/et_pb_column][\/et_pb_row][\/et_pb_section]<\/p>\n","protected":false},"excerpt":{"rendered":"<p>AyurvedaAyurveda ist das traditionelle, indische System der Gesundheitswissenschaften. Sein Name bedeutet w\u00f6rtlich \u201eLebenswissen\u201c. Die ayurvedische Methode der ganzheitlichen Gesundheitsversorgung betont das Gleichgewicht von K\u00f6rper, Geist und Seele, um Krankheiten zu behandeln und vorzubeugen. Diese 5.000 Jahre alte Praxis konzentriert sich auf die Harmonisierung des K\u00f6rpers mit der Natur durch Ern\u00e4hrung, pflanzliche Heilmittel, Yoga und Meditation, [&hellip;]<\/p>\n","protected":false},"author":1,"featured_media":0,"parent":0,"menu_order":0,"comment_status":"closed","ping_status":"closed","template":"","meta":{"_et_pb_use_builder":"on","_et_pb_old_content":"","_et_gb_content_width":"","footnotes":""},"class_list":["post-106","page","type-page","status-publish","hentry"],"aioseo_notices":[],"_links":{"self":[{"href":"https:\/\/cliffview-holidays.com\/de\/wp-json\/wp\/v2\/pages\/106"}],"collection":[{"href":"https:\/\/cliffview-holidays.com\/de\/wp-json\/wp\/v2\/pages"}],"about":[{"href":"https:\/\/cliffview-holidays.com\/de\/wp-json\/wp\/v2\/types\/page"}],"author":[{"embeddable":true,"href":"https:\/\/cliffview-holidays.com\/de\/wp-json\/wp\/v2\/users\/1"}],"replies":[{"embeddable":true,"href":"https:\/\/cliffview-holidays.com\/de\/wp-json\/wp\/v2\/comments?post=106"}],"version-history":[{"count":8,"href":"https:\/\/cliffview-holidays.com\/de\/wp-json\/wp\/v2\/pages\/106\/revisions"}],"predecessor-version":[{"id":1806,"href":"https:\/\/cliffview-holidays.com\/de\/wp-json\/wp\/v2\/pages\/106\/revisions\/1806"}],"wp:attachment":[{"href":"https:\/\/cliffview-holidays.com\/de\/wp-json\/wp\/v2\/media?parent=106"}],"curies":[{"name":"wp","href":"https:\/\/api.w.org\/{rel}","templated":true}]}}