{"id":127,"date":"2020-04-05T16:43:39","date_gmt":"2020-04-05T14:43:39","guid":{"rendered":"http:\/\/cliffview-resort.com\/?page_id=127"},"modified":"2020-11-30T18:31:07","modified_gmt":"2020-11-30T17:31:07","slug":"philosophie","status":"publish","type":"page","link":"https:\/\/cliffview-holidays.com\/de\/philosophie\/","title":{"rendered":"Philosophie"},"content":{"rendered":"<p>[et_pb_section fb_built=&#8220;1&#8243; fullwidth=&#8220;on&#8220; _builder_version=&#8220;4.4.1&#8243;][et_pb_fullwidth_slider use_bg_overlay=&#8220;off&#8220; _builder_version=&#8220;4.4.6&#8243; height_tablet=&#8220;&#8220; height_phone=&#8220;275px&#8220; height_last_edited=&#8220;on|phone&#8220; animation_style=&#8220;fade&#8220; auto=&#8220;on&#8220; hover_enabled=&#8220;0&#8243; sticky_enabled=&#8220;0&#8243;][et_pb_slide _builder_version=&#8220;4.4.1&#8243; background_image=&#8220;https:\/\/cliffview-holidays.com\/wp-content\/uploads\/2020\/03\/Header-13.jpg&#8220; background_enable_image=&#8220;on&#8220; hover_enabled=&#8220;0&#8243; sticky_transition=&#8220;on&#8220; sticky_enabled=&#8220;0&#8243;][\/et_pb_slide][et_pb_slide _builder_version=&#8220;4.4.6&#8243; background_image=&#8220;https:\/\/cliffview-holidays.com\/wp-content\/uploads\/2020\/03\/Header-7.jpg&#8220; background_enable_image=&#8220;on&#8220; sticky_transition=&#8220;on&#8220;][\/et_pb_slide][et_pb_slide _builder_version=&#8220;4.4.6&#8243; background_image=&#8220;https:\/\/cliffview-holidays.com\/wp-content\/uploads\/2020\/03\/Header-12.jpg&#8220; background_enable_image=&#8220;on&#8220; sticky_transition=&#8220;on&#8220;][\/et_pb_slide][et_pb_slide _builder_version=&#8220;4.4.6&#8243; background_image=&#8220;https:\/\/cliffview-holidays.com\/wp-content\/uploads\/2020\/03\/Header-8.jpg&#8220; background_enable_image=&#8220;on&#8220; sticky_transition=&#8220;on&#8220;][\/et_pb_slide][\/et_pb_fullwidth_slider][\/et_pb_section][et_pb_section fb_built=&#8220;1&#8243; _builder_version=&#8220;4.4.1&#8243; custom_padding=&#8220;30px||0px||false|false&#8220;][et_pb_row _builder_version=&#8220;4.4.1&#8243; custom_padding=&#8220;||0px|||&#8220;][et_pb_column type=&#8220;4_4&#8243; _builder_version=&#8220;4.4.1&#8243;][et_pb_text _builder_version=&#8220;4.4.1&#8243;]<\/p>\n<h1 class=\"elementor-heading-title elementor-size-default\" style=\"text-align: center;\">Philosophie<\/h1>\n<p>[\/et_pb_text][et_pb_divider divider_weight=&#8220;2px&#8220; _builder_version=&#8220;4.4.1&#8243; max_width=&#8220;40%&#8220; module_alignment=&#8220;center&#8220;][\/et_pb_divider][\/et_pb_column][\/et_pb_row][et_pb_row column_structure=&#8220;3_5,2_5&#8243; _builder_version=&#8220;4.4.1&#8243;][et_pb_column type=&#8220;3_5&#8243; _builder_version=&#8220;4.4.1&#8243;][et_pb_text _builder_version=&#8220;4.4.1&#8243;]<\/p>\n<p style=\"text-align: left;\">Indien ist eine Reise in eine andere Welt und eine Herausforderung an Toleranz und Gelassenheit. Wer sich vertrauensvoll der Lebensart und den Menschen \u00f6ffnet, wird einen unvergleichlichen Aufenthalt erleben.<\/p>\n<p style=\"text-align: left;\">Ayurveda ist die \u00e4lteste bekannte Gesundheitslehre \u2013 Lehre vom langen gesunden Leben. Eine in Asien gelebte und inzwischen in Europa bekannt gewordene Praxis, die den K\u00f6rper im Gleichgewicht h\u00e4lt, oder ihn bei St\u00f6rungen wieder dorthin bringt. Das Gleichgewicht zwischen K\u00f6rper und Geist herzustellen ist unser Ziel.<\/p>\n<p style=\"text-align: left;\">Es wird umgesetzt mit:<\/p>\n<ul>\n<li style=\"text-align: left;\">Ayurveda Therapien &amp; Naturmedizin<\/li>\n<li style=\"text-align: left;\">Reinigung &amp; Ern\u00e4hrung<\/li>\n<li style=\"text-align: left;\">Yoga &amp; Meditation<\/li>\n<\/ul>\n<p>[\/et_pb_text][\/et_pb_column][et_pb_column type=&#8220;2_5&#8243; _builder_version=&#8220;4.4.1&#8243;][et_pb_image src=&#8220;https:\/\/cliffview-holidays.com\/wp-content\/uploads\/2020\/04\/Philosophy-1.jpg&#8220; _builder_version=&#8220;4.4.1&#8243;][\/et_pb_image][et_pb_image src=&#8220;https:\/\/cliffview-holidays.com\/wp-content\/uploads\/2020\/04\/Philosophy-2.jpg&#8220; _builder_version=&#8220;4.4.1&#8243;][\/et_pb_image][et_pb_image src=&#8220;https:\/\/cliffview-holidays.com\/wp-content\/uploads\/2020\/04\/Philosophy-3.jpg&#8220; _builder_version=&#8220;4.4.1&#8243;][\/et_pb_image][\/et_pb_column][\/et_pb_row][\/et_pb_section]<\/p>\n","protected":false},"excerpt":{"rendered":"<p>PhilosophieIndien ist eine Reise in eine andere Welt und eine Herausforderung an Toleranz und Gelassenheit. Wer sich vertrauensvoll der Lebensart und den Menschen \u00f6ffnet, wird einen unvergleichlichen Aufenthalt erleben. Ayurveda ist die \u00e4lteste bekannte Gesundheitslehre \u2013 Lehre vom langen gesunden Leben. Eine in Asien gelebte und inzwischen in Europa bekannt gewordene Praxis, die den K\u00f6rper [&hellip;]<\/p>\n","protected":false},"author":1,"featured_media":0,"parent":0,"menu_order":0,"comment_status":"closed","ping_status":"closed","template":"","meta":{"_et_pb_use_builder":"on","_et_pb_old_content":"","_et_gb_content_width":"","footnotes":""},"class_list":["post-127","page","type-page","status-publish","hentry"],"aioseo_notices":[],"_links":{"self":[{"href":"https:\/\/cliffview-holidays.com\/de\/wp-json\/wp\/v2\/pages\/127"}],"collection":[{"href":"https:\/\/cliffview-holidays.com\/de\/wp-json\/wp\/v2\/pages"}],"about":[{"href":"https:\/\/cliffview-holidays.com\/de\/wp-json\/wp\/v2\/types\/page"}],"author":[{"embeddable":true,"href":"https:\/\/cliffview-holidays.com\/de\/wp-json\/wp\/v2\/users\/1"}],"replies":[{"embeddable":true,"href":"https:\/\/cliffview-holidays.com\/de\/wp-json\/wp\/v2\/comments?post=127"}],"version-history":[{"count":12,"href":"https:\/\/cliffview-holidays.com\/de\/wp-json\/wp\/v2\/pages\/127\/revisions"}],"predecessor-version":[{"id":1791,"href":"https:\/\/cliffview-holidays.com\/de\/wp-json\/wp\/v2\/pages\/127\/revisions\/1791"}],"wp:attachment":[{"href":"https:\/\/cliffview-holidays.com\/de\/wp-json\/wp\/v2\/media?parent=127"}],"curies":[{"name":"wp","href":"https:\/\/api.w.org\/{rel}","templated":true}]}}