{"id":130,"date":"2020-04-05T16:44:09","date_gmt":"2020-04-05T14:44:09","guid":{"rendered":"http:\/\/cliffview-resort.com\/?page_id=130"},"modified":"2020-11-30T18:40:46","modified_gmt":"2020-11-30T17:40:46","slug":"lage-klima","status":"publish","type":"page","link":"https:\/\/cliffview-holidays.com\/de\/lage-klima\/","title":{"rendered":"Lage &#038; Klima"},"content":{"rendered":"<p>[et_pb_section fb_built=&#8220;1&#8243; fullwidth=&#8220;on&#8220; _builder_version=&#8220;4.4.1&#8243;][et_pb_fullwidth_slider use_bg_overlay=&#8220;off&#8220; _builder_version=&#8220;4.4.1&#8243; animation_style=&#8220;fade&#8220; auto=&#8220;on&#8220;][et_pb_slide _builder_version=&#8220;4.4.1&#8243; background_image=&#8220;https:\/\/cliffview-holidays.com\/wp-content\/uploads\/2020\/04\/Ankunft-1.jpg&#8220; background_enable_image=&#8220;on&#8220; sticky_transition=&#8220;on&#8220;][\/et_pb_slide][et_pb_slide _builder_version=&#8220;4.4.1&#8243; background_image=&#8220;https:\/\/cliffview-holidays.com\/wp-content\/uploads\/2020\/04\/Arrival-2.jpg&#8220; background_enable_image=&#8220;on&#8220; sticky_transition=&#8220;on&#8220;][\/et_pb_slide][et_pb_slide _builder_version=&#8220;4.4.1&#8243; background_image=&#8220;https:\/\/cliffview-holidays.com\/wp-content\/uploads\/2020\/04\/Arrival-1.jpg&#8220; background_enable_image=&#8220;on&#8220; sticky_transition=&#8220;on&#8220;][\/et_pb_slide][\/et_pb_fullwidth_slider][\/et_pb_section][et_pb_section fb_built=&#8220;1&#8243; _builder_version=&#8220;4.4.1&#8243; custom_padding=&#8220;30px||0px||false|false&#8220;][et_pb_row _builder_version=&#8220;4.4.1&#8243; custom_padding=&#8220;||0px|||&#8220;][et_pb_column type=&#8220;4_4&#8243; _builder_version=&#8220;4.4.1&#8243;][et_pb_text _builder_version=&#8220;4.4.1&#8243;]<\/p>\n<h1 class=\"c\" style=\"text-align: center;\">Lage &amp; Klima<\/h1>\n<p>[\/et_pb_text][et_pb_divider divider_weight=&#8220;2px&#8220; _builder_version=&#8220;4.4.1&#8243; max_width=&#8220;40%&#8220; module_alignment=&#8220;center&#8220; custom_margin=&#8220;||0px|||&#8220;][\/et_pb_divider][\/et_pb_column][\/et_pb_row][et_pb_row column_structure=&#8220;2_5,3_5&#8243; _builder_version=&#8220;4.4.1&#8243;][et_pb_column type=&#8220;2_5&#8243; _builder_version=&#8220;4.4.1&#8243;][et_pb_text _builder_version=&#8220;4.4.1&#8243;]<\/p>\n<h2>Lage<\/h2>\n<div data-id=\"e4f899b\" data-element_type=\"widget\" data-widget_type=\"text-editor.default\">\n<div>\n<div>\n<p>Cliff View Ayurveda Retreat liegt an der malerischen Malabark\u00fcste im s\u00fcdindischen Bundesstaat Kerala. Vom internationalen Flughafen Trivandrum (Thiruvananthapuram) sind wir etwa 30 Minuten bzw. ca. 20 Kilometer s\u00fcdlich entfernt. Das Cliff View Ayurveda Retreat liegt auf einem Plateau etwa 30m \u00fcber dem Meer mit tropisch malerischer Lage am Rande des Ortes Chowara. Bis zur S\u00fcdspitze Indiens (Kap Komorin), sind es noch ca. 80 Km.<\/p>\n<p>Als interessantes Reiseziel gilt das Land auch wegen seiner Pal\u00e4ste und Tempel, seiner traditionellen D\u00f6rfer, Nationalparks, Reisfelder und Teeplantagen, sowie seiner Flora und Fauna. Wenn Sie Sigthseeing-Touren machen m\u00f6chten, ist es sinnvoll, dies vor oder nach der Kur zu planen. Siehe auch:\u00a0<a href=\"https:\/\/goo.gl\/maps\/8znPwvgE4o12\" target=\"_blank\" rel=\"noopener noreferrer\">Google Maps<\/a><\/p>\n<\/div>\n<\/div>\n<\/div>\n<p>[\/et_pb_text][\/et_pb_column][et_pb_column type=&#8220;3_5&#8243; _builder_version=&#8220;4.4.1&#8243;][et_pb_text _builder_version=&#8220;4.4.1&#8243;]<\/p>\n<div>\n<h2>Klima<\/h2>\n<div>\n<p>Kerala liegt nahe am \u00c4quator, daher ist das Klima durchgehend angenehm. Man kann die Jahreszeiten grob in drei Kategorien einteilen:<\/p>\n<h3>Sommer: M\u00e4rz bis Mai<\/h3>\n<p>Ab M\u00e4rz steigen die Temperaturen stetig und erreichen ihren H\u00f6hepunkt im Mai mit einer Durchschnittstemperatur von 30\u00b0 C. W\u00e4hrend dieser Monate wird der Niederschlag immer geringer, und im Mai regnet es kaum.<\/p>\n<h3>Monsun: Juni bis Oktober<\/h3>\n<p>Die typische Monsoon-Regenperiode von Juni-August erlaubt auch zwischen den Schauern etwas unternehmen. Die Luftfeuchtigkeit ist h\u00f6her, die Temperaturen liegen bei angenehmen ca. 29\u00b0 C. Laut traditioneller Lehre wird diese Zeit (Juni-Oktober) f\u00fcr ayurvedische Behandlung besonders empfohlen. Da die klimatischen Bedingungen die Behandlung unterst\u00fctzen und den Effekt einer Kur verst\u00e4rken.<\/p>\n<h3>Winter: November bis Februar<\/h3>\n<p>Diese Monate gelten wegen des gem\u00e4\u00dfigten Klimas als Hochsaison. Geringe Luftfeuchtigkeit und kaum Regen sorgen f\u00fcr angenehme Temperaturen um ca. 28\u00b0.<\/p>\n<\/div>\n<\/div>\n<div>\n<ul>\n<li>\n<p><strong><a href=\"http:\/\/in.weather.com\/weather\/10day-INXX0125:1:IN\" target=\"_blank\" rel=\"noopener noreferrer\">Wettervorhersage<\/a><\/strong><\/p>\n<\/li>\n<li>\n<p><strong><a href=\"http:\/\/www.kerala.climatemps.com\/\" target=\"_blank\" rel=\"noopener noreferrer\">Klimatabelle<\/a><\/strong><\/p>\n<\/li>\n<\/ul>\n<\/div>\n<div><\/div>\n<p>[\/et_pb_text][\/et_pb_column][\/et_pb_row][\/et_pb_section]<\/p>\n","protected":false},"excerpt":{"rendered":"<p>Lage &amp; KlimaLage Cliff View Ayurveda Retreat liegt an der malerischen Malabark\u00fcste im s\u00fcdindischen Bundesstaat Kerala. Vom internationalen Flughafen Trivandrum (Thiruvananthapuram) sind wir etwa 30 Minuten bzw. ca. 20 Kilometer s\u00fcdlich entfernt. Das Cliff View Ayurveda Retreat liegt auf einem Plateau etwa 30m \u00fcber dem Meer mit tropisch malerischer Lage am Rande des Ortes Chowara. [&hellip;]<\/p>\n","protected":false},"author":1,"featured_media":0,"parent":0,"menu_order":0,"comment_status":"closed","ping_status":"closed","template":"","meta":{"_et_pb_use_builder":"on","_et_pb_old_content":"","_et_gb_content_width":"","footnotes":""},"class_list":["post-130","page","type-page","status-publish","hentry"],"aioseo_notices":[],"_links":{"self":[{"href":"https:\/\/cliffview-holidays.com\/de\/wp-json\/wp\/v2\/pages\/130"}],"collection":[{"href":"https:\/\/cliffview-holidays.com\/de\/wp-json\/wp\/v2\/pages"}],"about":[{"href":"https:\/\/cliffview-holidays.com\/de\/wp-json\/wp\/v2\/types\/page"}],"author":[{"embeddable":true,"href":"https:\/\/cliffview-holidays.com\/de\/wp-json\/wp\/v2\/users\/1"}],"replies":[{"embeddable":true,"href":"https:\/\/cliffview-holidays.com\/de\/wp-json\/wp\/v2\/comments?post=130"}],"version-history":[{"count":7,"href":"https:\/\/cliffview-holidays.com\/de\/wp-json\/wp\/v2\/pages\/130\/revisions"}],"predecessor-version":[{"id":1826,"href":"https:\/\/cliffview-holidays.com\/de\/wp-json\/wp\/v2\/pages\/130\/revisions\/1826"}],"wp:attachment":[{"href":"https:\/\/cliffview-holidays.com\/de\/wp-json\/wp\/v2\/media?parent=130"}],"curies":[{"name":"wp","href":"https:\/\/api.w.org\/{rel}","templated":true}]}}