{"id":134,"date":"2020-04-05T16:44:34","date_gmt":"2020-04-05T14:44:34","guid":{"rendered":"http:\/\/cliffview-resort.com\/?page_id=134"},"modified":"2020-11-30T18:45:10","modified_gmt":"2020-11-30T17:45:10","slug":"rooms","status":"publish","type":"page","link":"https:\/\/cliffview-holidays.com\/de\/rooms\/","title":{"rendered":"Zimmer"},"content":{"rendered":"<p>[et_pb_section fb_built=&#8220;1&#8243; fullwidth=&#8220;on&#8220; _builder_version=&#8220;4.4.1&#8243;][et_pb_fullwidth_slider use_bg_overlay=&#8220;off&#8220; _builder_version=&#8220;4.4.3&#8243; animation_style=&#8220;fade&#8220; auto=&#8220;on&#8220;][et_pb_slide _builder_version=&#8220;4.4.3&#8243; background_image=&#8220;https:\/\/cliffview-holidays.com\/wp-content\/uploads\/2020\/04\/Header-Rooms-100.jpg&#8220; background_enable_image=&#8220;on&#8220; sticky_transition=&#8220;on&#8220;][\/et_pb_slide][et_pb_slide _builder_version=&#8220;4.4.3&#8243; background_image=&#8220;https:\/\/cliffview-holidays.com\/wp-content\/uploads\/2020\/04\/Rooms_Header-1a.jpg&#8220; background_enable_image=&#8220;on&#8220; sticky_transition=&#8220;on&#8220;][\/et_pb_slide][et_pb_slide _builder_version=&#8220;4.4.3&#8243; background_image=&#8220;https:\/\/cliffview-holidays.com\/wp-content\/uploads\/2020\/04\/Header-Rooms-103.jpg&#8220; background_enable_image=&#8220;on&#8220; sticky_transition=&#8220;on&#8220;][\/et_pb_slide][et_pb_slide _builder_version=&#8220;4.4.3&#8243; background_image=&#8220;https:\/\/cliffview-holidays.com\/wp-content\/uploads\/2020\/04\/Header-Rooms-101.jpg&#8220; background_enable_image=&#8220;on&#8220; sticky_transition=&#8220;on&#8220;][\/et_pb_slide][et_pb_slide _builder_version=&#8220;4.4.3&#8243; background_image=&#8220;https:\/\/cliffview-holidays.com\/wp-content\/uploads\/2020\/03\/Home-1.jpg&#8220; background_enable_image=&#8220;on&#8220; sticky_transition=&#8220;on&#8220;][\/et_pb_slide][\/et_pb_fullwidth_slider][\/et_pb_section][et_pb_section fb_built=&#8220;1&#8243; _builder_version=&#8220;4.4.1&#8243; custom_padding=&#8220;30px||0px||false|false&#8220;][et_pb_row _builder_version=&#8220;4.4.1&#8243; custom_padding=&#8220;||0px|||&#8220;][et_pb_column type=&#8220;4_4&#8243; _builder_version=&#8220;4.4.1&#8243;][et_pb_text _builder_version=&#8220;4.4.1&#8243;]<\/p>\n<h1 class=\"c\" style=\"text-align: center;\">Zimmer &amp; Anlage<\/h1>\n<p>[\/et_pb_text][et_pb_divider divider_weight=&#8220;2px&#8220; _builder_version=&#8220;4.4.1&#8243; max_width=&#8220;40%&#8220; module_alignment=&#8220;center&#8220; custom_margin=&#8220;||0px|||&#8220;][\/et_pb_divider][et_pb_text _builder_version=&#8220;4.4.1&#8243;]<\/p>\n<p>In Anlehnung an den klaren Bauhaus Stil wurde das Haus geplant und gebaut. Sch\u00f6ne indische Details und lokales Kunsthandwerk schaffen die Verbindung zwischen europ\u00e4ischem Standard und asiatischem Ambiente. Die Anlage bietet neben dem Therapiebereich, Pool und Sonnendeck vielseitige Entspannungsm\u00f6glichkeiten. Von 6 Komfortzimmern und 3 Lofts schaut man auf das Meer.<\/p>\n<p>Bei Unterbringung in geschmackvoll eingerichteten Zimmern und aufmerksamem Service f\u00e4llt es leicht K\u00f6rper, Geist und Seele wieder in Balance zu bringen. Es sind 3 Kategorien verf\u00fcgbar. Sie bieten international\/europ\u00e4ischen Komfort und Gem\u00fctlichkeit ohne die indischen Kultureinfl\u00fcsse zu vernachl\u00e4ssigen. \u00d6kologische Gesichtspunkte, sowie das Einbeziehen lokaler Handwerkskunst haben die Einrichtung gepr\u00e4gt.<\/p>\n<p>Alle Zimmer\/Apartments verf\u00fcgen \u00fcber flie\u00dfend warm Wasser, Dusche, WC, Ventilatoren, Moskitonetze, WLAN-Zugriff.<\/p>\n<p>[\/et_pb_text][\/et_pb_column][\/et_pb_row][et_pb_row column_structure=&#8220;2_5,3_5&#8243; _builder_version=&#8220;4.4.1&#8243;][et_pb_column type=&#8220;2_5&#8243; _builder_version=&#8220;4.4.1&#8243;][et_pb_text _builder_version=&#8220;4.4.1&#8243;]<\/p>\n<h2 class=\"elementor-heading-title elementor-size-default\">Loft<br \/>(ca. 50qm)<\/h2>\n<p>Diese Zimmer haben neben einem gro\u00dfz\u00fcgigen Schlaf und Wohnbereich Balkone mit Blick \u00fcber das Meer und die Palmeng\u00e4rten. (King Size Bett)<\/p>\n<p>[\/et_pb_text][et_pb_button button_url=&#8220;\/de\/anfrage\/&#8220; button_text=&#8220;Buchungsanfrage&#8220; _builder_version=&#8220;4.4.1&#8243;][\/et_pb_button][\/et_pb_column][et_pb_column type=&#8220;3_5&#8243; _builder_version=&#8220;4.4.1&#8243;][et_pb_gallery gallery_ids=&#8220;452,446,443,1382,709,706,712&#8243; fullwidth=&#8220;on&#8220; _builder_version=&#8220;4.4.7&#8243; auto=&#8220;on&#8220;][\/et_pb_gallery][\/et_pb_column][\/et_pb_row][et_pb_row column_structure=&#8220;2_5,3_5&#8243; _builder_version=&#8220;4.4.1&#8243;][et_pb_column type=&#8220;2_5&#8243; _builder_version=&#8220;4.4.1&#8243;][et_pb_text _builder_version=&#8220;4.4.1&#8243;]<\/p>\n<h2 class=\"elementor-heading-title elementor-size-default\">Komfort mit direktem Meerblick<br \/>(ca. 30 qm)<\/h2>\n<p>Diese Zimmer haben Schlaf-\/Wohnbereich, Balkone\/Terrasse mit Blick \u00fcber das Meer und sind eingebettet in die tropisch, schattenspendenden Baumbest\u00e4nde. (Queen Size Bett)<\/p>\n<p>[\/et_pb_text][et_pb_button button_url=&#8220;\/de\/anfrage\/&#8220; button_text=&#8220;Buchungsanfrage&#8220; _builder_version=&#8220;4.4.1&#8243;][\/et_pb_button][\/et_pb_column][et_pb_column type=&#8220;3_5&#8243; _builder_version=&#8220;4.4.1&#8243;][et_pb_gallery gallery_ids=&#8220;474,471,459,1418,1424,1430,1433,468,477&#8243; fullwidth=&#8220;on&#8220; _builder_version=&#8220;4.4.7&#8243; auto=&#8220;on&#8220;][\/et_pb_gallery][\/et_pb_column][\/et_pb_row][et_pb_row column_structure=&#8220;2_5,3_5&#8243; _builder_version=&#8220;4.4.1&#8243;][et_pb_column type=&#8220;2_5&#8243; _builder_version=&#8220;4.4.1&#8243;][et_pb_text _builder_version=&#8220;4.4.1&#8243;]<\/p>\n<h3 class=\"elementor-heading-title elementor-size-default\">Komfort mit eingeschr\u00e4nktem Meerblick<br \/>(ca. 40qm)<\/h3>\n<p>Diese gro\u00dfz\u00fcgigen Zimmer haben Schlaf-\/Wohnbereich, Balkone\/Terrasse mit eigeschr\u00e4nktem Blick zum Meer und sind umgeben von tropisch, schattenspendenden Baumbest\u00e4nden. (King Size Bett)<\/p>\n<p>[\/et_pb_text][et_pb_button button_url=&#8220;\/de\/anfrage\/&#8220; button_text=&#8220;Buchungsanfrage&#8220; _builder_version=&#8220;4.4.1&#8243;][\/et_pb_button][\/et_pb_column][et_pb_column type=&#8220;3_5&#8243; _builder_version=&#8220;4.4.1&#8243;][et_pb_gallery gallery_ids=&#8220;1388,492,1394,483,1403,1406&#8243; fullwidth=&#8220;on&#8220; _builder_version=&#8220;4.4.7&#8243; auto=&#8220;on&#8220;][\/et_pb_gallery][\/et_pb_column][\/et_pb_row][\/et_pb_section]<\/p>\n","protected":false},"excerpt":{"rendered":"<p>Zimmer &amp; AnlageIn Anlehnung an den klaren Bauhaus Stil wurde das Haus geplant und gebaut. Sch\u00f6ne indische Details und lokales Kunsthandwerk schaffen die Verbindung zwischen europ\u00e4ischem Standard und asiatischem Ambiente. Die Anlage bietet neben dem Therapiebereich, Pool und Sonnendeck vielseitige Entspannungsm\u00f6glichkeiten. Von 6 Komfortzimmern und 3 Lofts schaut man auf das Meer. Bei Unterbringung in [&hellip;]<\/p>\n","protected":false},"author":1,"featured_media":0,"parent":0,"menu_order":0,"comment_status":"closed","ping_status":"closed","template":"","meta":{"_et_pb_use_builder":"on","_et_pb_old_content":"","_et_gb_content_width":"","footnotes":""},"class_list":["post-134","page","type-page","status-publish","hentry"],"aioseo_notices":[],"_links":{"self":[{"href":"https:\/\/cliffview-holidays.com\/de\/wp-json\/wp\/v2\/pages\/134"}],"collection":[{"href":"https:\/\/cliffview-holidays.com\/de\/wp-json\/wp\/v2\/pages"}],"about":[{"href":"https:\/\/cliffview-holidays.com\/de\/wp-json\/wp\/v2\/types\/page"}],"author":[{"embeddable":true,"href":"https:\/\/cliffview-holidays.com\/de\/wp-json\/wp\/v2\/users\/1"}],"replies":[{"embeddable":true,"href":"https:\/\/cliffview-holidays.com\/de\/wp-json\/wp\/v2\/comments?post=134"}],"version-history":[{"count":19,"href":"https:\/\/cliffview-holidays.com\/de\/wp-json\/wp\/v2\/pages\/134\/revisions"}],"predecessor-version":[{"id":1842,"href":"https:\/\/cliffview-holidays.com\/de\/wp-json\/wp\/v2\/pages\/134\/revisions\/1842"}],"wp:attachment":[{"href":"https:\/\/cliffview-holidays.com\/de\/wp-json\/wp\/v2\/media?parent=134"}],"curies":[{"name":"wp","href":"https:\/\/api.w.org\/{rel}","templated":true}]}}