{"id":136,"date":"2020-04-05T16:44:42","date_gmt":"2020-04-05T14:44:42","guid":{"rendered":"http:\/\/cliffview-resort.com\/?page_id=136"},"modified":"2025-02-02T23:10:37","modified_gmt":"2025-02-02T22:10:37","slug":"preise","status":"publish","type":"page","link":"https:\/\/cliffview-holidays.com\/de\/preise\/","title":{"rendered":"Preise"},"content":{"rendered":"<p>[et_pb_section fb_built=&#8220;1&#8243; fullwidth=&#8220;on&#8220; _builder_version=&#8220;4.16&#8243; global_colors_info=&#8220;{}&#8220;][et_pb_fullwidth_slider use_bg_overlay=&#8220;off&#8220; _builder_version=&#8220;4.16&#8243; animation_style=&#8220;fade&#8220; global_colors_info=&#8220;{}&#8220;][et_pb_slide _builder_version=&#8220;4.16&#8243; background_image=&#8220;https:\/\/cliffview-holidays.com\/wp-content\/uploads\/2020\/04\/Kontakt-1.jpg&#8220; background_enable_image=&#8220;on&#8220; global_colors_info=&#8220;{}&#8220; sticky_transition=&#8220;on&#8220;][\/et_pb_slide][\/et_pb_fullwidth_slider][\/et_pb_section][et_pb_section fb_built=&#8220;1&#8243; _builder_version=&#8220;4.16&#8243; custom_padding=&#8220;30px||0px||false|false&#8220; global_colors_info=&#8220;{}&#8220;][et_pb_row _builder_version=&#8220;4.16&#8243; max_width=&#8220;800px&#8220; custom_padding=&#8220;||0px|||&#8220; global_colors_info=&#8220;{}&#8220;][et_pb_column type=&#8220;4_4&#8243; _builder_version=&#8220;4.16&#8243; global_colors_info=&#8220;{}&#8220;][et_pb_text _builder_version=&#8220;4.16&#8243; global_colors_info=&#8220;{}&#8220;]<\/p>\n<h1 class=\"c\" style=\"text-align: center;\">Preise<\/h1>\n<p>[\/et_pb_text][et_pb_divider divider_weight=&#8220;2px&#8220; _builder_version=&#8220;4.16&#8243; max_width=&#8220;40%&#8220; module_alignment=&#8220;center&#8220; custom_margin=&#8220;||19px|||&#8220; global_colors_info=&#8220;{}&#8220;][\/et_pb_divider][et_pb_image src=&#8220;https:\/\/cliffview-holidays.com\/wp-content\/uploads\/2024\/10\/Ayurveda-Cliffview-Rares-24-25.jpg&#8220; title_text=&#8220;Ayurveda &#8211; Cliffview Rares 24-25&#8243; _builder_version=&#8220;4.27.0&#8243; hover_enabled=&#8220;0&#8243; global_colors_info=&#8220;{}&#8220; sticky_enabled=&#8220;0&#8243;][\/et_pb_image][et_pb_text _builder_version=&#8220;4.16&#8243; custom_padding=&#8220;||25px|||&#8220; global_colors_info=&#8220;{}&#8220;]<\/p>\n<h2>Allgemeine Gesch\u00e4ftsbedingungen<\/h2>\n<div>\n<div>\n<div>Checkin Zeit: ab 12:00Uhr Mittags<\/div>\n<div>Checkout Zeit: bis 10:00Uhr<\/div>\n<div>Die Preise beinhalten die orts\u00fcblichen Steuern und Geb\u00fchren. Wir weisen darauf hin, dass die Best\u00e4tigung eines bestimmten Zimmers nicht bindend ist. Wir behalten uns innerhalb der gleichen Zimmerkategorie \u00c4nderungen vor. Spezielle Zimmer Auswahl kann nur garantiert werden, wenn die Buchung 6 Monate im Voraus erfolgte und voll gezahlt wurde.\u00a0Kinder unter 6 Jahren sind im Zimmer Ihrer Eltern kostenfrei. Die Eltern haften w\u00e4hrend des Aufenthaltes f\u00fcr Ihre Kinder.<\/div>\n<h2>Best\u00e4tigungen &amp; Stornierungen<\/h2>\n<div>Reservierungen in der Hochsaison (1.10. \u2013 31.3.) k\u00f6nnen nur bei Buchung eines Packet Angebotes gemacht werden, deren voller Preis vorab bezahlt wurde. F\u00fcr die Nebensaison (1.4. \u2013 30.9.) ist eine Anzahlung von 25% erforderlich. Wir weisen darauf hin, dass eine Buchung ohne weitere Hinweise von uns storniert wird, wenn die Anzahlung nicht termingerecht erfolgte. Wir \u00fcbernehmen keine Verantwortung f\u00fcr nicht erfolgte Zahlungen via Kreditkartenunternehmen.<\/div>\n<div>Bei Stornierungen fallen folgende Geb\u00fchren an:<\/div>\n<div>\u2022 Bis 60 Tage vor der Ankunft:\u00a0100,00\u20ac Einmalig.<\/div>\n<div>\u2022 30-60 Tage vor Ankunft:\u00a050% des Buchungspreises<\/div>\n<div>\u2022 Weniger als 30 Tage:\u00a0100% des Buchungspreises<\/div>\n<div>Hinweis: Wir empfehlen Ihnen eine Reiser\u00fccktrittsversicherung abzuschlie\u00dfen.<\/div>\n<h2>Nachl\u00e4sse<\/h2>\n<div>Wir gew\u00e4hren einen Vertrauensbonus von 5% ab dem 3. Aufenthalt, unter den folgenden Bedingungen:<\/div>\n<div>\u2022 Nachweis durch unsere Kunden, bzw. Agentur erbracht.<\/div>\n<div>\u2022 Die Buchung umfasst(e) mindestens 1 Woche.<\/div>\n<div>\u2022 Die Buchung erfolgte auf dem gleichen Wege wie vorherige Buchungen.<\/div>\n<div>\u2022 Anwendbar f\u00fcr \u00dcbernachtungen durch Paketangebote.<\/div>\n<h2>L\u00e4ngere Aufenthalte<\/h2>\n<div>Bei Aufenthalt von mehr als 28 N\u00e4chten, gew\u00e4hren wir einen Nachlass von 5% auf \u00dcbernachtung und Paketpreise.<\/div>\n<div>Der vorstehend aufgef\u00fchrten Nachl\u00e4sse lasen sich nicht mit anderen Angeboten kombinieren. Fehlerkorrekturen vorbehalten. Angegebene Preise und Angebote sind nicht bindend. Wir behalten uns Preisanpassungen, ohne weitere Benachrichtigungen vor. Alle Services werden von Cliff View Holidays Pvt. Ltd. durchgef\u00fchrt und verwaltet. Gerichtsstand Trivandrum, Kerala, India.<\/div>\n<\/div>\n<\/div>\n<p>[\/et_pb_text][\/et_pb_column][\/et_pb_row][\/et_pb_section]<\/p>\n","protected":false},"excerpt":{"rendered":"<p>PreiseAllgemeine Gesch\u00e4ftsbedingungen Checkin Zeit: ab 12:00Uhr Mittags Checkout Zeit: bis 10:00Uhr Die Preise beinhalten die orts\u00fcblichen Steuern und Geb\u00fchren. Wir weisen darauf hin, dass die Best\u00e4tigung eines bestimmten Zimmers nicht bindend ist. Wir behalten uns innerhalb der gleichen Zimmerkategorie \u00c4nderungen vor. Spezielle Zimmer Auswahl kann nur garantiert werden, wenn die Buchung 6 Monate im Voraus [&hellip;]<\/p>\n","protected":false},"author":1,"featured_media":0,"parent":0,"menu_order":0,"comment_status":"closed","ping_status":"closed","template":"","meta":{"_et_pb_use_builder":"on","_et_pb_old_content":"","_et_gb_content_width":"","footnotes":""},"class_list":["post-136","page","type-page","status-publish","hentry"],"aioseo_notices":[],"_links":{"self":[{"href":"https:\/\/cliffview-holidays.com\/de\/wp-json\/wp\/v2\/pages\/136"}],"collection":[{"href":"https:\/\/cliffview-holidays.com\/de\/wp-json\/wp\/v2\/pages"}],"about":[{"href":"https:\/\/cliffview-holidays.com\/de\/wp-json\/wp\/v2\/types\/page"}],"author":[{"embeddable":true,"href":"https:\/\/cliffview-holidays.com\/de\/wp-json\/wp\/v2\/users\/1"}],"replies":[{"embeddable":true,"href":"https:\/\/cliffview-holidays.com\/de\/wp-json\/wp\/v2\/comments?post=136"}],"version-history":[{"count":11,"href":"https:\/\/cliffview-holidays.com\/de\/wp-json\/wp\/v2\/pages\/136\/revisions"}],"predecessor-version":[{"id":2318,"href":"https:\/\/cliffview-holidays.com\/de\/wp-json\/wp\/v2\/pages\/136\/revisions\/2318"}],"wp:attachment":[{"href":"https:\/\/cliffview-holidays.com\/de\/wp-json\/wp\/v2\/media?parent=136"}],"curies":[{"name":"wp","href":"https:\/\/api.w.org\/{rel}","templated":true}]}}