{"id":142,"date":"2020-04-05T16:45:44","date_gmt":"2020-04-05T14:45:44","guid":{"rendered":"http:\/\/cliffview-resort.com\/?page_id=142"},"modified":"2020-11-30T18:33:05","modified_gmt":"2020-11-30T17:33:05","slug":"anreise","status":"publish","type":"page","link":"https:\/\/cliffview-holidays.com\/de\/anreise\/","title":{"rendered":"Anreise"},"content":{"rendered":"<p>[et_pb_section fb_built=&#8220;1&#8243; fullwidth=&#8220;on&#8220; _builder_version=&#8220;4.4.1&#8243;][et_pb_fullwidth_slider use_bg_overlay=&#8220;off&#8220; _builder_version=&#8220;4.4.3&#8243; animation_style=&#8220;fade&#8220; auto=&#8220;on&#8220;][et_pb_slide _builder_version=&#8220;4.4.3&#8243; background_image=&#8220;https:\/\/cliffview-holidays.com\/wp-content\/uploads\/2020\/04\/Ankunft-1.jpg&#8220; background_enable_image=&#8220;on&#8220; sticky_transition=&#8220;on&#8220;][\/et_pb_slide][et_pb_slide _builder_version=&#8220;4.4.3&#8243; background_image=&#8220;https:\/\/cliffview-holidays.com\/wp-content\/uploads\/2020\/04\/Arrival-2.jpg&#8220; background_enable_image=&#8220;on&#8220; sticky_transition=&#8220;on&#8220;][\/et_pb_slide][et_pb_slide _builder_version=&#8220;4.4.3&#8243; background_image=&#8220;https:\/\/cliffview-holidays.com\/wp-content\/uploads\/2020\/04\/Arrival-1.jpg&#8220; background_enable_image=&#8220;on&#8220; sticky_transition=&#8220;on&#8220;][\/et_pb_slide][\/et_pb_fullwidth_slider][\/et_pb_section][et_pb_section fb_built=&#8220;1&#8243; _builder_version=&#8220;4.4.1&#8243; custom_padding=&#8220;30px||0px||false|false&#8220;][et_pb_row _builder_version=&#8220;4.4.1&#8243; custom_padding=&#8220;||0px|||&#8220;][et_pb_column type=&#8220;4_4&#8243; _builder_version=&#8220;4.4.1&#8243;][et_pb_text _builder_version=&#8220;4.4.1&#8243;]<\/p>\n<h1 class=\"c\" style=\"text-align: center;\">Anreise<\/h1>\n<p>[\/et_pb_text][et_pb_divider divider_weight=&#8220;2px&#8220; _builder_version=&#8220;4.4.1&#8243; max_width=&#8220;40%&#8220; module_alignment=&#8220;center&#8220; custom_margin=&#8220;||0px|||&#8220;][\/et_pb_divider][\/et_pb_column][\/et_pb_row][et_pb_row column_structure=&#8220;1_2,1_2&#8243; _builder_version=&#8220;4.4.1&#8243;][et_pb_column type=&#8220;1_2&#8243; _builder_version=&#8220;4.4.1&#8243;][et_pb_text _builder_version=&#8220;4.4.1&#8243;]<\/p>\n<p>Damit Sie sich im Cliff View Ayurveda Retreat von Beginn an wohlf\u00fchlen, werden wir uns von der Ankunft am Flughafen bis zu Ihrer Abreise um Sie k\u00fcmmern, damit Ihr Urlaub stressfrei und erholsam wird.<\/p>\n<p>Sobald Sie Ihren Flug gebucht haben, teilen Sie uns bitte die Flugdetails mit, damit wir Sie vom Flughafen abholen k\u00f6nnen. Ein Fahrer des Cliff View Ayurveda Retreat wird au\u00dferhalb des Flughafengeb\u00e4udes am Ausgang auf Sie warten und ein Schild mit Ihrem Namen hochhalten. Die Flughafentransfers von und nach Trivandrum sind f\u00fcr unsere G\u00e4ste bei Kuraufenthalten unentgeltlich (ca.30 Minuten Fahrtdauer).<\/p>\n<p>Wir freuen uns auf Sie im<br \/>Cliff View Ayurveda Retreat!<\/p>\n<p>[\/et_pb_text][\/et_pb_column][et_pb_column type=&#8220;1_2&#8243; _builder_version=&#8220;4.4.1&#8243;][et_pb_image src=&#8220;https:\/\/cliffview-holidays.com\/wp-content\/uploads\/2020\/04\/Arrival-3.jpg&#8220; _builder_version=&#8220;4.4.1&#8243;][\/et_pb_image][\/et_pb_column][\/et_pb_row][\/et_pb_section]<\/p>\n","protected":false},"excerpt":{"rendered":"<p>AnreiseDamit Sie sich im Cliff View Ayurveda Retreat von Beginn an wohlf\u00fchlen, werden wir uns von der Ankunft am Flughafen bis zu Ihrer Abreise um Sie k\u00fcmmern, damit Ihr Urlaub stressfrei und erholsam wird. Sobald Sie Ihren Flug gebucht haben, teilen Sie uns bitte die Flugdetails mit, damit wir Sie vom Flughafen abholen k\u00f6nnen. Ein [&hellip;]<\/p>\n","protected":false},"author":1,"featured_media":0,"parent":0,"menu_order":0,"comment_status":"closed","ping_status":"closed","template":"","meta":{"_et_pb_use_builder":"on","_et_pb_old_content":"","_et_gb_content_width":"","footnotes":""},"class_list":["post-142","page","type-page","status-publish","hentry"],"aioseo_notices":[],"_links":{"self":[{"href":"https:\/\/cliffview-holidays.com\/de\/wp-json\/wp\/v2\/pages\/142"}],"collection":[{"href":"https:\/\/cliffview-holidays.com\/de\/wp-json\/wp\/v2\/pages"}],"about":[{"href":"https:\/\/cliffview-holidays.com\/de\/wp-json\/wp\/v2\/types\/page"}],"author":[{"embeddable":true,"href":"https:\/\/cliffview-holidays.com\/de\/wp-json\/wp\/v2\/users\/1"}],"replies":[{"embeddable":true,"href":"https:\/\/cliffview-holidays.com\/de\/wp-json\/wp\/v2\/comments?post=142"}],"version-history":[{"count":8,"href":"https:\/\/cliffview-holidays.com\/de\/wp-json\/wp\/v2\/pages\/142\/revisions"}],"predecessor-version":[{"id":1801,"href":"https:\/\/cliffview-holidays.com\/de\/wp-json\/wp\/v2\/pages\/142\/revisions\/1801"}],"wp:attachment":[{"href":"https:\/\/cliffview-holidays.com\/de\/wp-json\/wp\/v2\/media?parent=142"}],"curies":[{"name":"wp","href":"https:\/\/api.w.org\/{rel}","templated":true}]}}