{"id":666,"date":"2020-04-06T16:00:42","date_gmt":"2020-04-06T14:00:42","guid":{"rendered":"http:\/\/cliffview-resort.com\/?page_id=666"},"modified":"2020-11-30T18:38:20","modified_gmt":"2020-11-30T17:38:20","slug":"ayurveda-behandlungen","status":"publish","type":"page","link":"https:\/\/cliffview-holidays.com\/de\/ayurveda\/ayurveda-behandlungen\/","title":{"rendered":"Ayurveda-Behandlungen"},"content":{"rendered":"<p>[et_pb_section fb_built=&#8220;1&#8243; fullwidth=&#8220;on&#8220; _builder_version=&#8220;4.4.1&#8243;][et_pb_fullwidth_slider use_bg_overlay=&#8220;off&#8220; _builder_version=&#8220;4.4.1&#8243; height_tablet=&#8220;&#8220; height_phone=&#8220;275px&#8220; height_last_edited=&#8220;on|phone&#8220; animation_style=&#8220;fade&#8220; auto=&#8220;on&#8220;][et_pb_slide _builder_version=&#8220;4.4.1&#8243; background_image=&#8220;https:\/\/cliffview-holidays.com\/wp-content\/uploads\/2020\/04\/Ayuverda-1.jpg&#8220; background_enable_image=&#8220;on&#8220; sticky_transition=&#8220;on&#8220;][\/et_pb_slide][et_pb_slide _builder_version=&#8220;4.4.1&#8243; background_image=&#8220;https:\/\/cliffview-holidays.com\/wp-content\/uploads\/2020\/04\/Ayuverda-2.jpg&#8220; background_enable_image=&#8220;on&#8220; sticky_transition=&#8220;on&#8220;][\/et_pb_slide][et_pb_slide _builder_version=&#8220;4.4.1&#8243; background_image=&#8220;https:\/\/cliffview-holidays.com\/wp-content\/uploads\/2020\/04\/Ayuverda-3.jpg&#8220; background_enable_image=&#8220;on&#8220; sticky_transition=&#8220;on&#8220;][\/et_pb_slide][et_pb_slide _builder_version=&#8220;4.4.1&#8243; background_image=&#8220;https:\/\/cliffview-holidays.com\/wp-content\/uploads\/2020\/04\/Ayuverda-6.jpg&#8220; background_enable_image=&#8220;on&#8220; sticky_transition=&#8220;on&#8220;][\/et_pb_slide][et_pb_slide _builder_version=&#8220;4.4.1&#8243; background_image=&#8220;https:\/\/cliffview-holidays.com\/wp-content\/uploads\/2020\/04\/Ayuverda-4.jpg&#8220; background_enable_image=&#8220;on&#8220; sticky_transition=&#8220;on&#8220;][\/et_pb_slide][\/et_pb_fullwidth_slider][\/et_pb_section][et_pb_section fb_built=&#8220;1&#8243; _builder_version=&#8220;4.4.1&#8243; custom_padding=&#8220;30px||0px||false|false&#8220;][et_pb_row _builder_version=&#8220;4.4.1&#8243; custom_padding=&#8220;||0px|||&#8220;][et_pb_column type=&#8220;4_4&#8243; _builder_version=&#8220;4.4.1&#8243;][et_pb_text _builder_version=&#8220;4.4.1&#8243; header_line_height=&#8220;1.2em&#8220;]<\/p>\n<h1 class=\"c\" style=\"text-align: center;\">Ayurveda-Behandlungen<\/h1>\n<p>[\/et_pb_text][et_pb_divider divider_weight=&#8220;2px&#8220; _builder_version=&#8220;4.4.1&#8243; max_width=&#8220;40%&#8220; module_alignment=&#8220;center&#8220; custom_margin=&#8220;||0px|||&#8220;][\/et_pb_divider][\/et_pb_column][\/et_pb_row][et_pb_row column_structure=&#8220;1_3,1_3,1_3&#8243; _builder_version=&#8220;4.4.1&#8243;][et_pb_column type=&#8220;1_3&#8243; _builder_version=&#8220;4.4.1&#8243;][et_pb_image src=&#8220;https:\/\/cliffview-holidays.com\/wp-content\/uploads\/2020\/04\/Shirodhara-1.jpg&#8220; _builder_version=&#8220;4.4.1&#8243; custom_margin=&#8220;||0px||false|false&#8220; custom_padding=&#8220;||||false|false&#8220;][\/et_pb_image][et_pb_toggle title=&#8220;Shirodhara&#8220; icon_color=&#8220;#E35817&#8243; _builder_version=&#8220;4.4.1&#8243; title_line_height=&#8220;1.2em&#8220;]<\/p>\n<div class=\"elementor-element elementor-element-47f8a1b5 elementor-widget elementor-widget-text-editor\" data-id=\"47f8a1b5\" data-element_type=\"widget\" data-widget_type=\"text-editor.default\">\n<div class=\"elementor-widget-container\">\n<div class=\"elementor-text-editor elementor-clearfix\">\n<p style=\"text-align: justify;\">In diesem Verfahren rinnt medizinisches \u00d6l oder medizinische Buttermilch \u00fcber die Stirn, immer schwingend von einer Seite zur anderen f\u00fcr eine bestimmte Zeit. Es wirkt tiefenentspannend auf das Gem\u00fct.<br \/>Der Patient liegt flach in einem droni und ca. 60 bis 90 Minuten lang rieselt aus einem speziellen Gef\u00e4ss, ein Strom von warmem \u00d6l\/k\u00fchler Buttermilch langsam auf die Mitte der Stirn, schwingend von einer Seite zur anderen, gefolgt von einer sanften Massage.<br \/>Diese Behandlung hilft sich zu entspannen und gibt einen Zustand der Ruhe im K\u00f6rper und Geist. Shirodhara ist einer der beliebtesten ayurvedischen Anwendungen f\u00fcr Krankheiten, die von Pita dominiert werden und wirkt auch gegen Schlaflosigkeit, Angst, Nervosit\u00e4t. In der Verj\u00fcngungskur gibt es Gesicht und K\u00f6rper einen leuchtenden Ausdruck.<\/p>\n<\/div>\n<\/div>\n<\/div>\n<p>[\/et_pb_toggle][\/et_pb_column][et_pb_column type=&#8220;1_3&#8243; _builder_version=&#8220;4.4.1&#8243;][et_pb_image src=&#8220;https:\/\/cliffview-holidays.com\/wp-content\/uploads\/2020\/04\/Abhyangam-1.jpg&#8220; _builder_version=&#8220;4.4.1&#8243; custom_margin=&#8220;||0px||false|false&#8220; custom_padding=&#8220;||||false|false&#8220;][\/et_pb_image][et_pb_toggle title=&#8220;Abhyangam&#8220; icon_color=&#8220;#E35817&#8243; _builder_version=&#8220;4.4.1&#8243; title_line_height=&#8220;1.2em&#8220;]<\/p>\n<div class=\"elementor-element elementor-element-47f8a1b5 elementor-widget elementor-widget-text-editor\" data-id=\"47f8a1b5\" data-element_type=\"widget\" data-widget_type=\"text-editor.default\">\n<div class=\"elementor-widget-container\">\n<div class=\"elementor-text-editor elementor-clearfix\">\n<div class=\"elementor-element elementor-element-10e1288 elementor-widget elementor-widget-text-editor\" data-id=\"10e1288\" data-element_type=\"widget\" data-widget_type=\"text-editor.default\">\n<div class=\"elementor-widget-container\">\n<div class=\"elementor-text-editor elementor-clearfix\">\n<p style=\"text-align: justify;\">Abhyangam ist als die normale Massage im Ayurveda bekannt. Zwei Personen stehen auf jeder Seite der zu behandelnden Person und 45 bis 60 Minuten lang wird medizinisches warmes \u00d6l \u00fcber den ganzen K\u00f6rper verteilt, in sieben verschiedenen K\u00f6rperstellungen. Diese Massage lindert Stress und Spannungen. Es verbessert die periphere Durchblutung, sch\u00fctzt vor Alterung, n\u00e4hrt den K\u00f6rper, gibt einen guten Schlaf, hilft bei der Erhaltung einer gesunden Haut und lindert muskul\u00e4re Schmerzen und Leiden.<\/p>\n<\/div>\n<\/div>\n<\/div>\n<\/div>\n<\/div>\n<\/div>\n<p>[\/et_pb_toggle][\/et_pb_column][et_pb_column type=&#8220;1_3&#8243; _builder_version=&#8220;4.4.1&#8243;][et_pb_image src=&#8220;https:\/\/cliffview-holidays.com\/wp-content\/uploads\/2020\/04\/Marma-Massage.jpg&#8220; _builder_version=&#8220;4.4.1&#8243; custom_margin=&#8220;||0px||false|false&#8220; custom_padding=&#8220;||||false|false&#8220;][\/et_pb_image][et_pb_toggle title=&#8220;Marma Massage&#8220; icon_color=&#8220;#E35817&#8243; _builder_version=&#8220;4.4.1&#8243; title_line_height=&#8220;1.2em&#8220;]<\/p>\n<div class=\"elementor-element elementor-element-47f8a1b5 elementor-widget elementor-widget-text-editor\" data-id=\"47f8a1b5\" data-element_type=\"widget\" data-widget_type=\"text-editor.default\">\n<div class=\"elementor-widget-container\">\n<div class=\"elementor-text-editor elementor-clearfix\">\n<div class=\"elementor-element elementor-element-9ddee7a elementor-widget elementor-widget-text-editor\" data-id=\"9ddee7a\" data-element_type=\"widget\" data-widget_type=\"text-editor.default\">\n<div class=\"elementor-widget-container\">\n<div class=\"elementor-text-editor elementor-clearfix\">\n<p style=\"text-align: justify;\">Marmamassage ist eine sehr wichtige Massagetherapie im Ayurveda. Im Ayurveda werden 107 vitale Punkte des K\u00f6rpers \u201emarmas\u201c genannt.<br \/>Die Massage hilft bei der Wiederherstellung der Balance zwischen Vata, Pitta und Kapha. Sie hilft bei alten Traumen und Verletzungen von Sport, Tanz und Kampfkunst.<\/p>\n<\/div>\n<\/div>\n<\/div>\n<\/div>\n<\/div>\n<\/div>\n<p>[\/et_pb_toggle][\/et_pb_column][\/et_pb_row][et_pb_row column_structure=&#8220;1_3,1_3,1_3&#8243; _builder_version=&#8220;4.4.1&#8243;][et_pb_column type=&#8220;1_3&#8243; _builder_version=&#8220;4.4.1&#8243;][et_pb_image src=&#8220;https:\/\/cliffview-holidays.com\/wp-content\/uploads\/2020\/04\/Udvarthanam-1.jpg&#8220; _builder_version=&#8220;4.4.1&#8243; custom_margin=&#8220;||0px||false|false&#8220; custom_padding=&#8220;||||false|false&#8220;][\/et_pb_image][et_pb_toggle title=&#8220;Udvarthanam&#8220; icon_color=&#8220;#E35817&#8243; _builder_version=&#8220;4.4.1&#8243; title_line_height=&#8220;1.2em&#8220;]<\/p>\n<div class=\"elementor-element elementor-element-47f8a1b5 elementor-widget elementor-widget-text-editor\" data-id=\"47f8a1b5\" data-element_type=\"widget\" data-widget_type=\"text-editor.default\">\n<div class=\"elementor-widget-container\">\n<div class=\"elementor-text-editor elementor-clearfix\">\n<p style=\"text-align: justify;\">Im Udvarthanam oder Pudermassage wird medizinischer Puder oder Paste auf dem ganzen K\u00f6rper in entgegengesetzter Richtung der K\u00f6rperhaare mit einem gewissen Druck verteilt. Die Anwendung beinhaltet verschiedene K\u00f6rperhaltungen und dauert 45 \u2013 60 Minuten. Angesammeltes Fett und Fettgewebe wird reduziert und hilft zu einer Gewichtsreduzierung, sie gibt St\u00e4rke und Stabilit\u00e4t, verbessert den Hauttonus und st\u00e4rkt auch die inneren Muskeln und B\u00e4nder<\/p>\n<\/div>\n<\/div>\n<\/div>\n<p>[\/et_pb_toggle][\/et_pb_column][et_pb_column type=&#8220;1_3&#8243; _builder_version=&#8220;4.4.1&#8243;][et_pb_image src=&#8220;https:\/\/cliffview-holidays.com\/wp-content\/uploads\/2020\/04\/Pizhichil-1-1.jpg&#8220; _builder_version=&#8220;4.4.1&#8243; custom_margin=&#8220;||0px||false|false&#8220; custom_padding=&#8220;||||false|false&#8220;][\/et_pb_image][et_pb_toggle title=&#8220;Pizhichil&#8220; icon_color=&#8220;#E35817&#8243; _builder_version=&#8220;4.4.1&#8243; title_line_height=&#8220;1.2em&#8220;]<\/p>\n<div class=\"elementor-element elementor-element-47f8a1b5 elementor-widget elementor-widget-text-editor\" data-id=\"47f8a1b5\" data-element_type=\"widget\" data-widget_type=\"text-editor.default\">\n<div class=\"elementor-widget-container\">\n<div class=\"elementor-text-editor elementor-clearfix\">\n<div class=\"elementor-element elementor-element-10e1288 elementor-widget elementor-widget-text-editor\" data-id=\"10e1288\" data-element_type=\"widget\" data-widget_type=\"text-editor.default\">\n<div class=\"elementor-widget-container\">\n<div class=\"elementor-text-editor elementor-clearfix\">\n<p style=\"text-align: justify;\">Pizhichil ist einer der speziellen Therapien von Kerala. Es ist eine Kombination von Ein\u00f6lung und Schwitzen. In sieben K\u00f6rperpositionen wird lauwarmes \u00d6l \u00fcber den ganzen K\u00f6rper gegossen, gefolgt von einer sanften Massage, bis der K\u00f6rper anf\u00e4ngt zu schwitzen. Die Behandlung dauert 45 \u2013 60 Minuten. Sie hat eine Wirkung bei neurologischen St\u00f6rungen, rheumatischen Erkrankungen, Schmerzen im Lendenbereich etc. Sie st\u00e4rkt allgemein das Immunsystem f\u00fcr ein gesundes Leben.<\/p>\n<\/div>\n<\/div>\n<\/div>\n<\/div>\n<\/div>\n<\/div>\n<p>[\/et_pb_toggle][\/et_pb_column][et_pb_column type=&#8220;1_3&#8243; _builder_version=&#8220;4.4.1&#8243;][et_pb_image src=&#8220;https:\/\/cliffview-holidays.com\/wp-content\/uploads\/2020\/04\/Njavara-Kizhi-1.jpg&#8220; _builder_version=&#8220;4.4.1&#8243; custom_margin=&#8220;||0px||false|false&#8220; custom_padding=&#8220;||||false|false&#8220;][\/et_pb_image][et_pb_toggle title=&#8220;Njavara Kizhi&#8220; icon_color=&#8220;#E35817&#8243; _builder_version=&#8220;4.4.1&#8243; title_line_height=&#8220;1.2em&#8220;]<\/p>\n<div class=\"elementor-element elementor-element-47f8a1b5 elementor-widget elementor-widget-text-editor\" data-id=\"47f8a1b5\" data-element_type=\"widget\" data-widget_type=\"text-editor.default\">\n<div class=\"elementor-widget-container\">\n<div class=\"elementor-text-editor elementor-clearfix\">\n<div class=\"elementor-element elementor-element-9ddee7a elementor-widget elementor-widget-text-editor\" data-id=\"9ddee7a\" data-element_type=\"widget\" data-widget_type=\"text-editor.default\">\n<div class=\"elementor-widget-container\">\n<div class=\"elementor-text-editor elementor-clearfix\">\n<p style=\"text-align: justify;\">Njavara Kizhi ist auch eine der Kerala eigenen Therapien. Es ist eine Kombination von Ein\u00f6lung und Schwitzen. In sieben K\u00f6rperpositionen wird lauwarmes \u00d6l \u00fcber den ganzen K\u00f6rper gegossen, gefolgt von einer sanften Massage, bis der K\u00f6rper anf\u00e4ngt zu schwitzen. Die Behandlung dauert 45 \u2013 60 Minuten. Sie hat eine Wirkung bei neurologischen St\u00f6rungen, rheumatischen Erkrankungen, Schmerzen im Lendenbereich etc. Sie st\u00e4rkt allgemein das Immunsystem f\u00fcr ein gesundes Leben.<\/p>\n<\/div>\n<\/div>\n<\/div>\n<\/div>\n<\/div>\n<\/div>\n<p>[\/et_pb_toggle][\/et_pb_column][\/et_pb_row][et_pb_row column_structure=&#8220;1_3,1_3,1_3&#8243; _builder_version=&#8220;4.4.1&#8243;][et_pb_column type=&#8220;1_3&#8243; _builder_version=&#8220;4.4.1&#8243;][et_pb_image src=&#8220;https:\/\/cliffview-holidays.com\/wp-content\/uploads\/2020\/04\/Elakizhi-1.jpg&#8220; _builder_version=&#8220;4.4.1&#8243; custom_margin=&#8220;||0px||false|false&#8220; custom_padding=&#8220;||||false|false&#8220;][\/et_pb_image][et_pb_toggle title=&#8220;Elakizhi&#8220; icon_color=&#8220;#E35817&#8243; _builder_version=&#8220;4.4.1&#8243; title_line_height=&#8220;1.2em&#8220;]<\/p>\n<div class=\"elementor-element elementor-element-47f8a1b5 elementor-widget elementor-widget-text-editor\" data-id=\"47f8a1b5\" data-element_type=\"widget\" data-widget_type=\"text-editor.default\">\n<div class=\"elementor-widget-container\">\n<div class=\"elementor-text-editor elementor-clearfix\">\n<p style=\"text-align: justify;\">Elakizhi ist ein Schwitzprozess und wird nach Abhyanga angewandt. Der K\u00f6rper wird durch die Anwendung von runden Stempeln, die mit gebratenen medizinischen Bl\u00e4ttern, Kurkuma, Zitrone, Knoblauch etc. gef\u00fcllt sind zum Schwitzen gebracht. Der K\u00f6rper wird mit den Stempeln bearbeitet, nachdem sie in lauwarmes \u00d6l getaucht worden sind. Es werden sieben K\u00f6rperhaltungen eingenommen und die Behandlung dauert 45 \u2013 60 Minuten. Sie hilft bei Schmerzen und Steifheit in den Gelenken, Arthritis, rheumatischen und neurologischen St\u00f6rungen.<\/p>\n<\/div>\n<\/div>\n<\/div>\n<p>[\/et_pb_toggle][\/et_pb_column][et_pb_column type=&#8220;1_3&#8243; _builder_version=&#8220;4.4.1&#8243;][et_pb_image src=&#8220;https:\/\/cliffview-holidays.com\/wp-content\/uploads\/2020\/04\/PodiKizhi.jpg&#8220; _builder_version=&#8220;4.4.1&#8243; custom_margin=&#8220;||0px||false|false&#8220; custom_padding=&#8220;||||false|false&#8220;][\/et_pb_image][et_pb_toggle title=&#8220;Podikizhi&#8220; icon_color=&#8220;#E35817&#8243; _builder_version=&#8220;4.4.1&#8243; title_line_height=&#8220;1.2em&#8220;]<\/p>\n<div class=\"elementor-element elementor-element-47f8a1b5 elementor-widget elementor-widget-text-editor\" data-id=\"47f8a1b5\" data-element_type=\"widget\" data-widget_type=\"text-editor.default\">\n<div class=\"elementor-widget-container\">\n<div class=\"elementor-text-editor elementor-clearfix\">\n<div class=\"elementor-element elementor-element-10e1288 elementor-widget elementor-widget-text-editor\" data-id=\"10e1288\" data-element_type=\"widget\" data-widget_type=\"text-editor.default\">\n<div class=\"elementor-widget-container\">\n<div class=\"elementor-text-editor elementor-clearfix\">\n<p style=\"text-align: justify;\">Podikizhi ist ein Schwitzprozess und wird nach Abhyanga angewandt. Der K\u00f6rper wird durch die Anwendung von runden Stempeln, die mit zerstossenen Kr\u00e4utern gef\u00fcllt sind zum Schwitzen gebracht. Der K\u00f6rper wird mit den Stempeln bearbeitet, nachdem sie in \u00d6l oder Dhanyamla getaucht worden sind oder gedampft worden sind. Es werden sieben K\u00f6rperhaltungen eingenommen und die Behandlung dauert 45 \u2013 60 Minuten. Es ist eine sehr effektive Behandlung bei Entz\u00fcndungen der Gelenke, rheumatischer Arthritis, Knochenarthritis etc.<\/p>\n<\/div>\n<\/div>\n<\/div>\n<\/div>\n<\/div>\n<\/div>\n<p>[\/et_pb_toggle][\/et_pb_column][et_pb_column type=&#8220;1_3&#8243; _builder_version=&#8220;4.4.1&#8243;][et_pb_image src=&#8220;https:\/\/cliffview-holidays.com\/wp-content\/uploads\/2020\/04\/Shiro-vasti-1.jpg&#8220; _builder_version=&#8220;4.4.1&#8243; custom_margin=&#8220;||0px||false|false&#8220; custom_padding=&#8220;||||false|false&#8220;][\/et_pb_image][et_pb_toggle title=&#8220;Shiro-vasti&#8220; icon_color=&#8220;#E35817&#8243; _builder_version=&#8220;4.4.1&#8243; title_line_height=&#8220;1.2em&#8220;]<\/p>\n<div class=\"elementor-element elementor-element-47f8a1b5 elementor-widget elementor-widget-text-editor\" data-id=\"47f8a1b5\" data-element_type=\"widget\" data-widget_type=\"text-editor.default\">\n<div class=\"elementor-widget-container\">\n<div class=\"elementor-text-editor elementor-clearfix\">\n<div class=\"elementor-element elementor-element-9ddee7a elementor-widget elementor-widget-text-editor\" data-id=\"9ddee7a\" data-element_type=\"widget\" data-widget_type=\"text-editor.default\">\n<div class=\"elementor-widget-container\">\n<div class=\"elementor-text-editor elementor-clearfix\">\n<p style=\"text-align: justify;\">Shiro-vasti beginnt mit einer warmen Ganzk\u00f6rper Kr\u00e4uter\u00f6lmassage. Das ern\u00e4hrt die Nervenendungen und bereitet den K\u00f6rper f\u00fcr die Behandlung vor. Ein wie ein Zylinder geformter Lederhut, ca. 25 cm hoch, an beiden Enden offen, wird dem Kopf des Patienten angepasst. Eine bestimmte Mischung von lauwarmem Kr\u00e4uter\u00f6l, die der ayurvedische Arzt individuell verschreibt, wird in den Zylinder gegossen und verweilt dort 30 \u2013 45 Minuten. Diese Behandlung ist effektiv bei Migr\u00e4ne, Taubheit, Krankheiten, die die kranialen Nerven betreffen, Gesichtsl\u00e4hmungen, Verwirrtheit, Krankheiten des Kopfes und der Augen, chronische Erk\u00e4ltungen, Sinusitis, Rheumatismus, Arthritis, Abszesse und Wunden etc. Eigentlich ist diese Behandlung gut f\u00fcr alle Krankheiten.<\/p>\n<\/div>\n<\/div>\n<\/div>\n<\/div>\n<\/div>\n<\/div>\n<p>[\/et_pb_toggle][\/et_pb_column][\/et_pb_row][et_pb_row column_structure=&#8220;1_3,1_3,1_3&#8243; _builder_version=&#8220;4.4.1&#8243;][et_pb_column type=&#8220;1_3&#8243; _builder_version=&#8220;4.4.1&#8243;][et_pb_image src=&#8220;https:\/\/cliffview-holidays.com\/wp-content\/uploads\/2020\/04\/Sareera-Mukha-Lepam.jpg&#8220; _builder_version=&#8220;4.4.1&#8243; custom_margin=&#8220;||0px||false|false&#8220; custom_padding=&#8220;||||false|false&#8220;][\/et_pb_image][et_pb_toggle title=&#8220;Sareera-Mukha Lepam &#8220; icon_color=&#8220;#E35817&#8243; _builder_version=&#8220;4.4.1&#8243; title_line_height=&#8220;1.2em&#8220;]<\/p>\n<div class=\"elementor-element elementor-element-47f8a1b5 elementor-widget elementor-widget-text-editor\" data-id=\"47f8a1b5\" data-element_type=\"widget\" data-widget_type=\"text-editor.default\">\n<div class=\"elementor-widget-container\">\n<div class=\"elementor-text-editor elementor-clearfix\">\n<div id=\"elementor-tab-content-2211\" class=\"elementor-tab-content elementor-clearfix elementor-active\" data-tab=\"1\" role=\"tabpanel\" aria-labelledby=\"elementor-tab-title-2211\">\n<p>Besondere Kr\u00e4uter werden mit medizinischen Fl\u00fcssigkeiten zu einer Paste verarbeitet und auf das Gesicht und den K\u00f6rper aufgetragen, wo sie einige Zeit verbleibt.<\/p>\n<p>Danach wird der K\u00f6rper mit medizinischem \u00d6l oder Creme massiert. Diese Behandlung sch\u00fctzt vor Alterung, Faltenbildung und verbessert den Hauttonus und den Teint. Sie verhindert die Bildung von Pigmentflecken und hilft in der Behandlung von Sonnenbrand etc.<\/p>\n<\/div>\n<\/div>\n<\/div>\n<\/div>\n<p>[\/et_pb_toggle][\/et_pb_column][et_pb_column type=&#8220;1_3&#8243; _builder_version=&#8220;4.4.1&#8243;][et_pb_image src=&#8220;https:\/\/cliffview-holidays.com\/wp-content\/uploads\/2020\/04\/Foot-massage-1.jpg&#8220; _builder_version=&#8220;4.4.1&#8243; custom_margin=&#8220;||0px||false|false&#8220; custom_padding=&#8220;||||false|false&#8220;][\/et_pb_image][et_pb_toggle title=&#8220;Fu\u00df-Massage&#8220; icon_color=&#8220;#E35817&#8243; _builder_version=&#8220;4.4.1&#8243; title_line_height=&#8220;1.2em&#8220;]<\/p>\n<div class=\"elementor-element elementor-element-47f8a1b5 elementor-widget elementor-widget-text-editor\" data-id=\"47f8a1b5\" data-element_type=\"widget\" data-widget_type=\"text-editor.default\">\n<div class=\"elementor-widget-container\">\n<div class=\"elementor-text-editor elementor-clearfix\">\n<div class=\"elementor-element elementor-element-10e1288 elementor-widget elementor-widget-text-editor\" data-id=\"10e1288\" data-element_type=\"widget\" data-widget_type=\"text-editor.default\">\n<div class=\"elementor-widget-container\">\n<div class=\"elementor-text-editor elementor-clearfix\">\n<p style=\"text-align: justify;\">Diese Massage wird mit H\u00e4nden und F\u00fcssen ausgef\u00fchrt. Sie dauert ca. 60 \u2013 90 Minuten. Es ist die traditionelle ayurvedische Massage in Kerala. Sie ist ausgezeichnet f\u00fcr den Verj\u00fcngungsprozess, Entspannung, st\u00e4rkt die Muskeln und verbessert generell die Kraft und Vitalit\u00e4t.<\/p>\n<\/div>\n<\/div>\n<\/div>\n<\/div>\n<\/div>\n<\/div>\n<p>[\/et_pb_toggle][\/et_pb_column][et_pb_column type=&#8220;1_3&#8243; _builder_version=&#8220;4.4.1&#8243;][et_pb_image src=&#8220;https:\/\/cliffview-holidays.com\/wp-content\/uploads\/2020\/04\/Medicated-Steam-Bath-1.jpg&#8220; _builder_version=&#8220;4.4.1&#8243; custom_margin=&#8220;||0px||false|false&#8220; custom_padding=&#8220;||||false|false&#8220;][\/et_pb_image][et_pb_toggle title=&#8220;Medizinisches Dampfbad&#8220; icon_color=&#8220;#E35817&#8243; _builder_version=&#8220;4.4.1&#8243; title_line_height=&#8220;1.2em&#8220;]<\/p>\n<div class=\"elementor-element elementor-element-47f8a1b5 elementor-widget elementor-widget-text-editor\" data-id=\"47f8a1b5\" data-element_type=\"widget\" data-widget_type=\"text-editor.default\">\n<div class=\"elementor-widget-container\">\n<div class=\"elementor-text-editor elementor-clearfix\">\n<div class=\"elementor-element elementor-element-9ddee7a elementor-widget elementor-widget-text-editor\" data-id=\"9ddee7a\" data-element_type=\"widget\" data-widget_type=\"text-editor.default\">\n<div class=\"elementor-widget-container\">\n<div class=\"elementor-text-editor elementor-clearfix\">\n<p style=\"text-align: justify;\">Heilkr\u00e4uter werden gekocht und der Dampf wird in das Dampfbad geleitet. Die Behandlung dauert 10 \u2013 20 Minuten. Der Patient beginnt zu schwitzen, damit werden Unreinheiten und Gifte des K\u00f6rpers ausgeschieden und Krankheiten der Haut verbessert, Fett wird reduziert etc.<\/p>\n<\/div>\n<\/div>\n<\/div>\n<\/div>\n<\/div>\n<\/div>\n<p>[\/et_pb_toggle][\/et_pb_column][\/et_pb_row][\/et_pb_section]<\/p>\n","protected":false},"excerpt":{"rendered":"<p>Ayurveda-Behandlungen In diesem Verfahren rinnt medizinisches \u00d6l oder medizinische Buttermilch \u00fcber die Stirn, immer schwingend von einer Seite zur anderen f\u00fcr eine bestimmte Zeit. Es wirkt tiefenentspannend auf das Gem\u00fct.Der Patient liegt flach in einem droni und ca. 60 bis 90 Minuten lang rieselt aus einem speziellen Gef\u00e4ss, ein Strom von warmem \u00d6l\/k\u00fchler Buttermilch langsam [&hellip;]<\/p>\n","protected":false},"author":1,"featured_media":0,"parent":106,"menu_order":0,"comment_status":"closed","ping_status":"closed","template":"","meta":{"_et_pb_use_builder":"on","_et_pb_old_content":"","_et_gb_content_width":"","footnotes":""},"class_list":["post-666","page","type-page","status-publish","hentry"],"aioseo_notices":[],"_links":{"self":[{"href":"https:\/\/cliffview-holidays.com\/de\/wp-json\/wp\/v2\/pages\/666"}],"collection":[{"href":"https:\/\/cliffview-holidays.com\/de\/wp-json\/wp\/v2\/pages"}],"about":[{"href":"https:\/\/cliffview-holidays.com\/de\/wp-json\/wp\/v2\/types\/page"}],"author":[{"embeddable":true,"href":"https:\/\/cliffview-holidays.com\/de\/wp-json\/wp\/v2\/users\/1"}],"replies":[{"embeddable":true,"href":"https:\/\/cliffview-holidays.com\/de\/wp-json\/wp\/v2\/comments?post=666"}],"version-history":[{"count":6,"href":"https:\/\/cliffview-holidays.com\/de\/wp-json\/wp\/v2\/pages\/666\/revisions"}],"predecessor-version":[{"id":1816,"href":"https:\/\/cliffview-holidays.com\/de\/wp-json\/wp\/v2\/pages\/666\/revisions\/1816"}],"up":[{"embeddable":true,"href":"https:\/\/cliffview-holidays.com\/de\/wp-json\/wp\/v2\/pages\/106"}],"wp:attachment":[{"href":"https:\/\/cliffview-holidays.com\/de\/wp-json\/wp\/v2\/media?parent=666"}],"curies":[{"name":"wp","href":"https:\/\/api.w.org\/{rel}","templated":true}]}}