{"id":264,"date":"2020-04-05T16:43:39","date_gmt":"2020-04-05T14:43:39","guid":{"rendered":"http:\/\/cliffview-resort.com\/home\/philosophie\/"},"modified":"2020-11-30T18:31:29","modified_gmt":"2020-11-30T17:31:29","slug":"philosophie","status":"publish","type":"page","link":"https:\/\/cliffview-holidays.com\/it\/philosophie\/","title":{"rendered":"Filosofia"},"content":{"rendered":"<p>[et_pb_section fb_built=&#8221;1&#8243; fullwidth=&#8221;on&#8221; _builder_version=&#8221;4.4.1&#8243;][et_pb_fullwidth_slider use_bg_overlay=&#8221;off&#8221; _builder_version=&#8221;4.4.6&#8243; height_tablet=&#8221;&#8221; height_phone=&#8221;275px&#8221; height_last_edited=&#8221;on|phone&#8221; animation_style=&#8221;fade&#8221; auto=&#8221;on&#8221; hover_enabled=&#8221;0&#8243; sticky_enabled=&#8221;0&#8243;][et_pb_slide _builder_version=&#8221;4.4.1&#8243; background_image=&#8221;https:\/\/cliffview-holidays.com\/wp-content\/uploads\/2020\/03\/Header-13.jpg&#8221; background_enable_image=&#8221;on&#8221; hover_enabled=&#8221;0&#8243; sticky_transition=&#8221;on&#8221; sticky_enabled=&#8221;0&#8243;][\/et_pb_slide][et_pb_slide _builder_version=&#8221;4.4.6&#8243; background_image=&#8221;https:\/\/cliffview-holidays.com\/wp-content\/uploads\/2020\/03\/Header-7.jpg&#8221; background_enable_image=&#8221;on&#8221; sticky_transition=&#8221;on&#8221;][\/et_pb_slide][et_pb_slide _builder_version=&#8221;4.4.6&#8243; background_image=&#8221;https:\/\/cliffview-holidays.com\/wp-content\/uploads\/2020\/03\/Header-12.jpg&#8221; background_enable_image=&#8221;on&#8221; sticky_transition=&#8221;on&#8221;][\/et_pb_slide][et_pb_slide _builder_version=&#8221;4.4.6&#8243; background_image=&#8221;https:\/\/cliffview-holidays.com\/wp-content\/uploads\/2020\/03\/Header-8.jpg&#8221; background_enable_image=&#8221;on&#8221; sticky_transition=&#8221;on&#8221;][\/et_pb_slide][\/et_pb_fullwidth_slider][\/et_pb_section][et_pb_section fb_built=&#8221;1&#8243; _builder_version=&#8221;4.4.1&#8243; custom_padding=&#8221;30px||0px||false|false&#8221;][et_pb_row _builder_version=&#8221;4.4.1&#8243; custom_padding=&#8221;||0px|||&#8221;][et_pb_column type=&#8221;4_4&#8243; _builder_version=&#8221;4.4.1&#8243;][et_pb_text _builder_version=&#8221;4.4.1&#8243;]<\/p>\n<h1 class=\"elementor-heading-title elementor-size-default\" style=\"text-align: center;\">Filosofia<\/h1>\n<p>[\/et_pb_text][et_pb_divider divider_weight=&#8221;2px&#8221; _builder_version=&#8221;4.4.1&#8243; max_width=&#8221;40%&#8221; module_alignment=&#8221;center&#8221;][\/et_pb_divider][\/et_pb_column][\/et_pb_row][et_pb_row column_structure=&#8221;3_5,2_5&#8243; _builder_version=&#8221;4.4.1&#8243;][et_pb_column type=&#8221;3_5&#8243; _builder_version=&#8221;4.4.1&#8243;][et_pb_text _builder_version=&#8221;4.4.1&#8243;]<\/p>\n<div>Un viaggio in India \u00e8 un\u2019immersione in un mondo diverso ed eccitante, che pu\u00f2 mettere alla prova la vostra tolleranza e la vostra serenit\u00e0: chi volenterosamente abbraccia lo stile di vita del Paese ed entra in contatto con la sua gente, vivra\u00b4 un\u2019esperienza indimenticabile.<\/div>\n<div><\/div>\n<div>L\u2019Ayurveda \u2013 l\u2019arte di un\u2019esistenza sana e longeva- \u00a0\u00e8 tra le pi\u00f9 antiche scienze mediche che si conoscano. \u00c8 comprovato che questa medicina tradizionale, profondamente radicata nella cultura indiana e diffusa attualmente in altre parti del mondo, aiuta a mantenere il fisico in equilibrio con la mente ed a guarire dalle malattie.<\/div>\n<div><\/div>\n<div>Ci impegniamo ad offrirvi un trattamento ayurvedico autentico e di alto livello qualitativo, in modo da ottenere i migliori risultati possibili.<\/div>\n<div><\/div>\n<div>Il nostro obiettivo \u00e8 farvi raggiungere l\u2019equilibrio tra corpo, mente e spirito e lo otteniamo attraverso:<\/div>\n<div>\n<ul>\n<li>Trattamenti di Ayurveda e medicina naturale<\/li>\n<li>Pasti purificanti e nutritivi<\/li>\n<li>Yoga e meditazione<\/li>\n<\/ul>\n<\/div>\n<div>Il personale del Cliff View vi augura una piacevole ed indimenticabile permanenza.<\/div>\n<p>[\/et_pb_text][\/et_pb_column][et_pb_column type=&#8221;2_5&#8243; _builder_version=&#8221;4.4.1&#8243;][et_pb_image src=&#8221;https:\/\/cliffview-holidays.com\/wp-content\/uploads\/2020\/04\/Philosophy-1.jpg&#8221; _builder_version=&#8221;4.4.1&#8243;][\/et_pb_image][et_pb_image src=&#8221;https:\/\/cliffview-holidays.com\/wp-content\/uploads\/2020\/04\/Philosophy-2.jpg&#8221; _builder_version=&#8221;4.4.1&#8243;][\/et_pb_image][et_pb_image src=&#8221;https:\/\/cliffview-holidays.com\/wp-content\/uploads\/2020\/04\/Philosophy-3.jpg&#8221; _builder_version=&#8221;4.4.1&#8243;][\/et_pb_image][\/et_pb_column][\/et_pb_row][\/et_pb_section]<\/p>\n","protected":false},"excerpt":{"rendered":"<p>FilosofiaUn viaggio in India \u00e8 un\u2019immersione in un mondo diverso ed eccitante, che pu\u00f2 mettere alla prova la vostra tolleranza e la vostra serenit\u00e0: chi volenterosamente abbraccia lo stile di vita del Paese ed entra in contatto con la sua gente, vivra\u00b4 un\u2019esperienza indimenticabile. L\u2019Ayurveda \u2013 l\u2019arte di un\u2019esistenza sana e longeva- \u00a0\u00e8 tra le [&hellip;]<\/p>\n","protected":false},"author":1,"featured_media":0,"parent":0,"menu_order":0,"comment_status":"closed","ping_status":"closed","template":"","meta":{"_et_pb_use_builder":"on","_et_pb_old_content":"","_et_gb_content_width":"","footnotes":""},"class_list":["post-264","page","type-page","status-publish","hentry"],"aioseo_notices":[],"_links":{"self":[{"href":"https:\/\/cliffview-holidays.com\/it\/wp-json\/wp\/v2\/pages\/264"}],"collection":[{"href":"https:\/\/cliffview-holidays.com\/it\/wp-json\/wp\/v2\/pages"}],"about":[{"href":"https:\/\/cliffview-holidays.com\/it\/wp-json\/wp\/v2\/types\/page"}],"author":[{"embeddable":true,"href":"https:\/\/cliffview-holidays.com\/it\/wp-json\/wp\/v2\/users\/1"}],"replies":[{"embeddable":true,"href":"https:\/\/cliffview-holidays.com\/it\/wp-json\/wp\/v2\/comments?post=264"}],"version-history":[{"count":9,"href":"https:\/\/cliffview-holidays.com\/it\/wp-json\/wp\/v2\/pages\/264\/revisions"}],"predecessor-version":[{"id":1795,"href":"https:\/\/cliffview-holidays.com\/it\/wp-json\/wp\/v2\/pages\/264\/revisions\/1795"}],"wp:attachment":[{"href":"https:\/\/cliffview-holidays.com\/it\/wp-json\/wp\/v2\/media?parent=264"}],"curies":[{"name":"wp","href":"https:\/\/api.w.org\/{rel}","templated":true}]}}