{"id":604,"date":"2020-04-05T16:44:09","date_gmt":"2020-04-05T14:44:09","guid":{"rendered":"http:\/\/cliffview-resort.com\/home\/lage-klima\/"},"modified":"2020-11-30T18:41:32","modified_gmt":"2020-11-30T17:41:32","slug":"lage-klima","status":"publish","type":"page","link":"https:\/\/cliffview-holidays.com\/it\/lage-klima\/","title":{"rendered":"Dove siamo &#038; Clima"},"content":{"rendered":"<p>[et_pb_section fb_built=&#8221;1&#8243; fullwidth=&#8221;on&#8221; _builder_version=&#8221;4.4.1&#8243;][et_pb_fullwidth_slider use_bg_overlay=&#8221;off&#8221; _builder_version=&#8221;4.4.1&#8243; animation_style=&#8221;fade&#8221; auto=&#8221;on&#8221;][et_pb_slide _builder_version=&#8221;4.4.1&#8243; background_image=&#8221;https:\/\/cliffview-holidays.com\/wp-content\/uploads\/2020\/04\/Ankunft-1.jpg&#8221; background_enable_image=&#8221;on&#8221; sticky_transition=&#8221;on&#8221;][\/et_pb_slide][et_pb_slide _builder_version=&#8221;4.4.1&#8243; background_image=&#8221;https:\/\/cliffview-holidays.com\/wp-content\/uploads\/2020\/04\/Arrival-2.jpg&#8221; background_enable_image=&#8221;on&#8221; sticky_transition=&#8221;on&#8221;][\/et_pb_slide][et_pb_slide _builder_version=&#8221;4.4.1&#8243; background_image=&#8221;https:\/\/cliffview-holidays.com\/wp-content\/uploads\/2020\/04\/Arrival-1.jpg&#8221; background_enable_image=&#8221;on&#8221; sticky_transition=&#8221;on&#8221;][\/et_pb_slide][\/et_pb_fullwidth_slider][\/et_pb_section][et_pb_section fb_built=&#8221;1&#8243; _builder_version=&#8221;4.4.1&#8243; custom_padding=&#8221;30px||0px||false|false&#8221;][et_pb_row _builder_version=&#8221;4.4.1&#8243; custom_padding=&#8221;||0px|||&#8221;][et_pb_column type=&#8221;4_4&#8243; _builder_version=&#8221;4.4.1&#8243;][et_pb_text _builder_version=&#8221;4.4.1&#8243;]<\/p>\n<h1 class=\"c\" style=\"text-align: center;\">Dove siamo &amp; Clima<\/h1>\n<p>[\/et_pb_text][et_pb_divider divider_weight=&#8221;2px&#8221; _builder_version=&#8221;4.4.1&#8243; max_width=&#8221;40%&#8221; module_alignment=&#8221;center&#8221; custom_margin=&#8221;||0px|||&#8221;][\/et_pb_divider][\/et_pb_column][\/et_pb_row][et_pb_row column_structure=&#8221;2_5,3_5&#8243; _builder_version=&#8221;4.4.1&#8243;][et_pb_column type=&#8221;2_5&#8243; _builder_version=&#8221;4.4.1&#8243;][et_pb_text _builder_version=&#8221;4.4.1&#8243;]<\/p>\n<h2 class=\"c\" style=\"text-align: left;\">Dove siamo<\/h2>\n<div data-id=\"e4f899b\" data-element_type=\"widget\" data-widget_type=\"text-editor.default\">\n<p>Il Cliff View Ayurveda Retreat si trova sulla pittoresca costa del Malabar, nello stato di Kerala, nell\u2019India meridionale. Siamo a 20 km, circa mezzora di auto, dall\u2019aeroporto internazionale di Trivandrum (Thiruvananthapuram). Il centro si trova su un\u2019altura a 30 metri sul mare, immerso in un paesaggio tropicale vicino al villaggio di Chowara. La punta estrema meridionale dell\u2019India (Cape Comorin, conosciuto anche come Kannyakumari) dista appena 80 km.<\/p>\n<p>La zona \u00e8 famosa per la ricchezza culturale e i luoghi di interesse storico, con palazzi e templi, villaggi tradizionali, parchi nazionali, risaie e piantagioni di t\u00e8, ma anche per la fauna e la flora lussureggianti. Se siete interessati a fare visite turistiche, oltre a rilassarvi con la terapia ayurvedica, \u00e8 consigliabile programmare il tour nel periodo che precede o segue il trattamento.<br \/>\nSi veda: <a href=\"https:\/\/goo.gl\/maps\/8znPwvgE4o12\" target=\"_blank\" rel=\"noopener noreferrer\">Google Maps<\/a><\/p>\n<\/div>\n<p>[\/et_pb_text][\/et_pb_column][et_pb_column type=&#8221;3_5&#8243; _builder_version=&#8221;4.4.1&#8243;][et_pb_text _builder_version=&#8221;4.4.1&#8243;]<\/p>\n<div>\n<h2>Clima<\/h2>\n<div>\n<p>Il Kerala si trova vicino all\u2019equatore: il clima tropicale \u00e8 piacevole tutto l\u2019anno. Le stagioni sono divise in tre categorie generali:<\/p>\n<h3>Estate: da marzo a maggio<\/h3>\n<p>La temperatura si alza costantemente a partire da marzo e le temperature massime si hanno a maggio, con una media di 30 \u00b0 C. Le precipitazioni sono scarse durante questi mesi, con poca pioggia, soprattutto a maggio.<\/p>\n<h3>Stagione dei monsoni: da giugno a ottobre<\/h3>\n<p>Da giugno ad agosto \u00e8 il periodo dei monsoni, ma ci\u00f2 non implica necessariamente che non si possa uscire tra un acquazzone e l\u2019altro. L\u2019umidit\u00e0 \u00e8 elevata, la temperatura \u00e8 attorno ai 29\u00b0C. Secondo gli insegnamenti tradizionali, questa, tra giugno e settembre, \u00e8 la stagione ideale per i trattamenti ayurvedici. Le condizioni climatiche favoriscono il trattamento e potenziano gli effetti delle terapie.<\/p>\n<h3>Inverno: da novembre a febbraio<\/h3>\n<p>Questi mesi sono considerati la stagione alta per via del clima e delle temperature. Il basso livello di umidit\u00e0 e i temporali saltuari assicurano una temperatura piacevole che si aggira attorno ai 28\u00b0 C.<\/p>\n<\/div>\n<\/div>\n<div>\n<ul>\n<li><strong><a href=\"http:\/\/in.weather.com\/weather\/10day-INXX0125:1:IN\" target=\"_blank\" rel=\"noopener noreferrer\">Previsioni del tempo<\/a><\/strong><\/li>\n<li><strong><a href=\"http:\/\/www.kerala.climatemps.com\/\" target=\"_blank\" rel=\"noopener noreferrer\">Tabella climatica<\/a><\/strong><\/li>\n<\/ul>\n<\/div>\n<div><\/div>\n<p>[\/et_pb_text][\/et_pb_column][\/et_pb_row][\/et_pb_section]<\/p>\n","protected":false},"excerpt":{"rendered":"<p>Dove siamo &amp; ClimaDove siamo Il Cliff View Ayurveda Retreat si trova sulla pittoresca costa del Malabar, nello stato di Kerala, nell\u2019India meridionale. Siamo a 20 km, circa mezzora di auto, dall\u2019aeroporto internazionale di Trivandrum (Thiruvananthapuram). Il centro si trova su un\u2019altura a 30 metri sul mare, immerso in un paesaggio tropicale vicino al villaggio [&hellip;]<\/p>\n","protected":false},"author":1,"featured_media":0,"parent":0,"menu_order":0,"comment_status":"closed","ping_status":"closed","template":"","meta":{"_et_pb_use_builder":"on","_et_pb_old_content":"","_et_gb_content_width":"","footnotes":""},"class_list":["post-604","page","type-page","status-publish","hentry"],"aioseo_notices":[],"_links":{"self":[{"href":"https:\/\/cliffview-holidays.com\/it\/wp-json\/wp\/v2\/pages\/604"}],"collection":[{"href":"https:\/\/cliffview-holidays.com\/it\/wp-json\/wp\/v2\/pages"}],"about":[{"href":"https:\/\/cliffview-holidays.com\/it\/wp-json\/wp\/v2\/types\/page"}],"author":[{"embeddable":true,"href":"https:\/\/cliffview-holidays.com\/it\/wp-json\/wp\/v2\/users\/1"}],"replies":[{"embeddable":true,"href":"https:\/\/cliffview-holidays.com\/it\/wp-json\/wp\/v2\/comments?post=604"}],"version-history":[{"count":5,"href":"https:\/\/cliffview-holidays.com\/it\/wp-json\/wp\/v2\/pages\/604\/revisions"}],"predecessor-version":[{"id":1830,"href":"https:\/\/cliffview-holidays.com\/it\/wp-json\/wp\/v2\/pages\/604\/revisions\/1830"}],"wp:attachment":[{"href":"https:\/\/cliffview-holidays.com\/it\/wp-json\/wp\/v2\/media?parent=604"}],"curies":[{"name":"wp","href":"https:\/\/api.w.org\/{rel}","templated":true}]}}