{"id":91,"date":"2020-03-29T18:11:36","date_gmt":"2020-03-29T16:11:36","guid":{"rendered":"http:\/\/cliffview-resort.com\/home\/"},"modified":"2021-10-23T15:16:07","modified_gmt":"2021-10-23T13:16:07","slug":"home","status":"publish","type":"page","link":"https:\/\/cliffview-holidays.com\/it\/","title":{"rendered":"Inizio"},"content":{"rendered":"<p>[et_pb_section fb_built=&#8221;1&#8243; fullwidth=&#8221;on&#8221; _builder_version=&#8221;4.4.1&#8243; global_colors_info=&#8221;{}&#8221;][et_pb_fullwidth_slider use_bg_overlay=&#8221;off&#8221; disabled_on=&#8221;on|on|off&#8221; _builder_version=&#8221;4.4.7&#8243; height_tablet=&#8221;&#8221; height_phone=&#8221;275px&#8221; height_last_edited=&#8221;on|phone&#8221; animation_style=&#8221;fade&#8221; auto=&#8221;on&#8221; global_colors_info=&#8221;{}&#8221;][et_pb_slide _builder_version=&#8221;4.4.3&#8243; background_image=&#8221;https:\/\/cliffview-holidays.com\/wp-content\/uploads\/2020\/03\/Header-12.jpg&#8221; background_enable_image=&#8221;on&#8221; global_colors_info=&#8221;{}&#8221; sticky_transition=&#8221;on&#8221;][\/et_pb_slide][et_pb_slide _builder_version=&#8221;4.4.3&#8243; background_image=&#8221;https:\/\/cliffview-holidays.com\/wp-content\/uploads\/2020\/03\/Home-1.jpg&#8221; background_enable_image=&#8221;on&#8221; global_colors_info=&#8221;{}&#8221; sticky_transition=&#8221;on&#8221;][\/et_pb_slide][et_pb_slide _builder_version=&#8221;4.4.3&#8243; background_image=&#8221;https:\/\/cliffview-holidays.com\/wp-content\/uploads\/2020\/03\/Header-11.jpg&#8221; background_enable_image=&#8221;on&#8221; global_colors_info=&#8221;{}&#8221; sticky_transition=&#8221;on&#8221;][\/et_pb_slide][et_pb_slide _builder_version=&#8221;4.4.3&#8243; background_image=&#8221;https:\/\/cliffview-holidays.com\/wp-content\/uploads\/2020\/04\/Home-4.jpg&#8221; background_enable_image=&#8221;on&#8221; global_colors_info=&#8221;{}&#8221; sticky_transition=&#8221;on&#8221;][\/et_pb_slide][et_pb_slide _builder_version=&#8221;4.4.3&#8243; background_image=&#8221;https:\/\/cliffview-holidays.com\/wp-content\/uploads\/2020\/04\/Home-2.jpg&#8221; background_enable_image=&#8221;on&#8221; global_colors_info=&#8221;{}&#8221; sticky_transition=&#8221;on&#8221;][\/et_pb_slide][et_pb_slide _builder_version=&#8221;4.4.7&#8243; background_image=&#8221;https:\/\/cliffview-holidays.com\/wp-content\/uploads\/2020\/04\/Cliffview_Ayurveda-Treatments-1.jpg&#8221; background_enable_image=&#8221;on&#8221; global_colors_info=&#8221;{}&#8221; sticky_transition=&#8221;on&#8221;][\/et_pb_slide][\/et_pb_fullwidth_slider][et_pb_fullwidth_slider use_bg_overlay=&#8221;off&#8221; disabled_on=&#8221;off|on|on&#8221; admin_label=&#8221;Slider (mobil)&#8221; _builder_version=&#8221;4.6.6&#8243; height_tablet=&#8221;&#8221; height_phone=&#8221;275px&#8221; height_last_edited=&#8221;on|phone&#8221; animation_style=&#8221;fade&#8221; auto=&#8221;on&#8221; global_colors_info=&#8221;{}&#8221;][et_pb_slide _builder_version=&#8221;4.6.6&#8243; background_enable_color=&#8221;off&#8221; background_image=&#8221;https:\/\/cliffview-holidays.com\/wp-content\/uploads\/2020\/04\/Header-Home-100a.jpg&#8221; background_enable_image=&#8221;on&#8221; global_colors_info=&#8221;{}&#8221; sticky_transition=&#8221;on&#8221;][\/et_pb_slide][\/et_pb_fullwidth_slider][\/et_pb_section][et_pb_section fb_built=&#8221;1&#8243; _builder_version=&#8221;4.4.7&#8243; custom_padding=&#8221;30px||||false|false&#8221; global_colors_info=&#8221;{}&#8221;][et_pb_row _builder_version=&#8221;4.4.1&#8243; custom_padding=&#8221;||0px|||&#8221; global_colors_info=&#8221;{}&#8221;][et_pb_column type=&#8221;4_4&#8243; _builder_version=&#8221;4.4.1&#8243; global_colors_info=&#8221;{}&#8221;][et_pb_image src=&#8221;https:\/\/cliffview-holidays.com\/wp-content\/uploads\/2020\/04\/Cliffview-Logo-6.png&#8221; title_text=&#8221;Cliffview-Logo-6&#8243; align=&#8221;center&#8221; _builder_version=&#8221;4.4.6&#8243; max_width=&#8221;30%&#8221; global_colors_info=&#8221;{}&#8221;][\/et_pb_image][et_pb_text _builder_version=&#8221;4.4.1&#8243; header_line_height=&#8221;1.2em&#8221; global_colors_info=&#8221;{}&#8221;]<\/p>\n<h1 class=\"elementor-heading-title elementor-size-default\" style=\"text-align: center;\">L\u2019elegante Resort sulla scogliera<\/h1>\n<p>[\/et_pb_text][et_pb_divider divider_weight=&#8221;2px&#8221; _builder_version=&#8221;4.4.1&#8243; max_width=&#8221;40%&#8221; module_alignment=&#8221;center&#8221; global_colors_info=&#8221;{}&#8221;][\/et_pb_divider][\/et_pb_column][\/et_pb_row][et_pb_row column_structure=&#8221;3_5,2_5&#8243; _builder_version=&#8221;4.4.1&#8243; global_colors_info=&#8221;{}&#8221;][et_pb_column type=&#8221;3_5&#8243; _builder_version=&#8221;4.4.1&#8243; global_colors_info=&#8221;{}&#8221;][et_pb_text _builder_version=&#8221;4.4.1&#8243; global_colors_info=&#8221;{}&#8221;]<\/p>\n<p> Cliff View Ayurveda Retreat \u00e8 un centro ayurvedico indo-europeo. Il suo design unico, che inserisce in un contesto tropicale l\u2019architettura d\u2019ispirazione Bauhaus, \u00e8 particolarmente invitante. Il Centro \u00e8 scenograficamente immerso nei giardini di palme da cocco, sulla sommit\u00e0 della scogliera.<\/p>\n<p>Il piccolo Resort offre terapie di Ayurveda individuali, che si accompagnano alla squisita cucina, di tradizione ayurvedica, del Kerala. I pasti sono preparati ogni giorno con ingredienti freschi, che contribuiscono al successo del trattamento. Grazie a questa speciale ambientazione e alla prontezza del servizio offerto, sar\u00e0 per voi facile ritrovare l\u2019equilibrio tra corpo, mente e spirito.<\/p>\n<p>Nell\u2019attesa di potervi accogliere,<br \/>Il vostro team del Cliff View Ayurveda Retreat<\/p>\n<p>[\/et_pb_text][et_pb_button button_url=&#8221;http:\/\/cliffview-resort.com\/it\/anfrage\/&#8221; button_text=&#8221;Richiesta di prenotazione&#8221; _builder_version=&#8221;4.4.1&#8243; global_colors_info=&#8221;{}&#8221;][\/et_pb_button][\/et_pb_column][et_pb_column type=&#8221;2_5&#8243; _builder_version=&#8221;4.4.1&#8243; global_colors_info=&#8221;{}&#8221;][et_pb_image src=&#8221;https:\/\/cliffview-holidays.com\/wp-content\/uploads\/2020\/03\/Team-1.jpg&#8221; _builder_version=&#8221;4.4.1&#8243; global_colors_info=&#8221;{}&#8221;][\/et_pb_image][\/et_pb_column][\/et_pb_row][et_pb_row _builder_version=&#8221;4.4.1&#8243; custom_padding=&#8221;||0px|||&#8221; global_colors_info=&#8221;{}&#8221;][et_pb_column type=&#8221;4_4&#8243; _builder_version=&#8221;4.4.1&#8243; global_colors_info=&#8221;{}&#8221;][et_pb_text _builder_version=&#8221;4.4.7&#8243; global_colors_info=&#8221;{}&#8221;]<\/p>\n<h2 class=\"c\" style=\"text-align: center;\">Notizia<\/h2>\n<p>[\/et_pb_text][et_pb_divider divider_weight=&#8221;1px&#8221; _builder_version=&#8221;4.4.1&#8243; max_width=&#8221;40%&#8221; module_alignment=&#8221;center&#8221; global_colors_info=&#8221;{}&#8221;][\/et_pb_divider][et_pb_blog fullwidth=&#8221;off&#8221; excerpt_length=&#8221;50&#8243; show_author=&#8221;off&#8221; show_date=&#8221;off&#8221; show_categories=&#8221;off&#8221; _builder_version=&#8221;4.4.7&#8243; global_colors_info=&#8221;{}&#8221;][\/et_pb_blog][\/et_pb_column][\/et_pb_row][et_pb_row _builder_version=&#8221;4.4.1&#8243; custom_padding=&#8221;||0px|||&#8221; global_colors_info=&#8221;{}&#8221;][et_pb_column type=&#8221;4_4&#8243; _builder_version=&#8221;4.4.1&#8243; global_colors_info=&#8221;{}&#8221;][et_pb_text _builder_version=&#8221;4.4.1&#8243; global_colors_info=&#8221;{}&#8221;]<\/p>\n<h2 class=\"c\" style=\"text-align: center;\">Impressioni<\/h2>\n<p>[\/et_pb_text][et_pb_divider divider_weight=&#8221;1px&#8221; _builder_version=&#8221;4.4.1&#8243; max_width=&#8221;40%&#8221; module_alignment=&#8221;center&#8221; global_colors_info=&#8221;{}&#8221;][\/et_pb_divider][et_pb_gallery gallery_ids=&#8221;1156,738,357,199,187,196,214,226,217,220,193,181,211,205,202,223&#8243; posts_number=&#8221;20&#8243; show_title_and_caption=&#8221;off&#8221; show_pagination=&#8221;off&#8221; _builder_version=&#8221;4.4.3&#8243; global_colors_info=&#8221;{}&#8221;][\/et_pb_gallery][\/et_pb_column][\/et_pb_row][\/et_pb_section]<\/p>\n","protected":false},"excerpt":{"rendered":"<p>L\u2019elegante Resort sulla scogliera Cliff View Ayurveda Retreat \u00e8 un centro ayurvedico indo-europeo. Il suo design unico, che inserisce in un contesto tropicale l\u2019architettura d\u2019ispirazione Bauhaus, \u00e8 particolarmente invitante. Il Centro \u00e8 scenograficamente immerso nei giardini di palme da cocco, sulla sommit\u00e0 della scogliera. Il piccolo Resort offre terapie di Ayurveda individuali, che si accompagnano [&hellip;]<\/p>\n","protected":false},"author":1,"featured_media":0,"parent":0,"menu_order":0,"comment_status":"closed","ping_status":"closed","template":"","meta":{"_et_pb_use_builder":"on","_et_pb_old_content":"","_et_gb_content_width":"","footnotes":""},"class_list":["post-91","page","type-page","status-publish","hentry"],"aioseo_notices":[],"_links":{"self":[{"href":"https:\/\/cliffview-holidays.com\/it\/wp-json\/wp\/v2\/pages\/91"}],"collection":[{"href":"https:\/\/cliffview-holidays.com\/it\/wp-json\/wp\/v2\/pages"}],"about":[{"href":"https:\/\/cliffview-holidays.com\/it\/wp-json\/wp\/v2\/types\/page"}],"author":[{"embeddable":true,"href":"https:\/\/cliffview-holidays.com\/it\/wp-json\/wp\/v2\/users\/1"}],"replies":[{"embeddable":true,"href":"https:\/\/cliffview-holidays.com\/it\/wp-json\/wp\/v2\/comments?post=91"}],"version-history":[{"count":32,"href":"https:\/\/cliffview-holidays.com\/it\/wp-json\/wp\/v2\/pages\/91\/revisions"}],"predecessor-version":[{"id":2127,"href":"https:\/\/cliffview-holidays.com\/it\/wp-json\/wp\/v2\/pages\/91\/revisions\/2127"}],"wp:attachment":[{"href":"https:\/\/cliffview-holidays.com\/it\/wp-json\/wp\/v2\/media?parent=91"}],"curies":[{"name":"wp","href":"https:\/\/api.w.org\/{rel}","templated":true}]}}